{"id":1365,"date":"2023-06-17T13:15:03","date_gmt":"2023-06-17T13:15:03","guid":{"rendered":"https:\/\/insertwp.com\/?post_type=product&#038;p=1365"},"modified":"2024-08-03T23:32:38","modified_gmt":"2024-08-03T23:32:38","slug":"translatepress-pro-business-plugin","status":"publish","type":"product","link":"https:\/\/insertwp.com\/br\/produto\/translatepress-pro-business-plugin\/","title":{"rendered":"Translatepress Pro Business Plugin"},"content":{"rendered":"<h5>O plug-in TranslatePress Pro Business \u00e9 uma ferramenta de tradu\u00e7\u00e3o profissional e altamente vers\u00e1til projetada para sites com o objetivo de fornecer uma experi\u00eancia multil\u00edngue excepcional aos seus usu\u00e1rios.<\/h5>\n<p>&nbsp;<\/p>\n<p>Com recursos avan\u00e7ados e uma interface amig\u00e1vel, o TranslatePress Pro Business agiliza o processo de tradu\u00e7\u00e3o e localiza\u00e7\u00e3o de conte\u00fado, permitindo que voc\u00ea expanda efetivamente seu alcance global.<\/p>\n<p>Um dos principais recursos do TranslatePress Pro Business \u00e9 a capacidade de traduzir de forma intuitiva e direta todo o conte\u00fado do seu site. Com apenas alguns cliques, voc\u00ea pode traduzir p\u00e1ginas, postagens, widgets, menus, plug-ins e at\u00e9 sequ\u00eancias de temas, tudo sem sair do painel do WordPress. Isso torna a tradu\u00e7\u00e3o do seu site r\u00e1pida e conveniente, economizando tempo e esfor\u00e7o.<\/p>\n<p>Al\u00e9m disso, o plug-in oferece um modo de tradu\u00e7\u00e3o visual exclusivo, permitindo que voc\u00ea visualize e edite as tradu\u00e7\u00f5es em tempo real, diretamente na p\u00e1gina. Com essa funcionalidade, voc\u00ea pode ver como as tradu\u00e7\u00f5es se encaixam no contexto e fazer ajustes precisos para garantir a qualidade e a precis\u00e3o do conte\u00fado traduzido.<\/p>\n<p>O TranslatePress Pro Business tamb\u00e9m se destaca por sua compatibilidade com uma ampla variedade de temas e plugins populares. Ele oferece suporte a temas complexos, construtores de p\u00e1ginas e formul\u00e1rios de contato, garantindo que a tradu\u00e7\u00e3o seja aplicada de forma consistente em todo o site, independentemente de quaisquer plug-ins adicionais que voc\u00ea possa estar usando.<\/p>","protected":false},"excerpt":{"rendered":"<p>TranslatePress Pro Business plugin is a professional and highly versatile translation tool designed for websites aiming to provide an exceptional multilingual experience to their users. &nbsp; With advanced features and a user-friendly interface, TranslatePress Pro Business streamlines the process of translating and localizing content, enabling you to effectively expand your global reach. One of the [&hellip;]<\/p>","protected":false},"featured_media":1369,"comment_status":"open","ping_status":"closed","template":"","meta":{"site-sidebar-layout":"default","site-content-layout":"default","ast-site-content-layout":"default","site-content-style":"default","site-sidebar-style":"default","ast-global-header-display":"","ast-banner-title-visibility":"","ast-main-header-display":"","ast-hfb-above-header-display":"","ast-hfb-below-header-display":"","ast-hfb-mobile-header-display":"","site-post-title":"","ast-breadcrumbs-content":"","ast-featured-img":"","footer-sml-layout":"","theme-transparent-header-meta":"default","adv-header-id-meta":"","stick-header-meta":"","header-above-stick-meta":"","header-main-stick-meta":"","header-below-stick-meta":"","astra-migrate-meta-layouts":"set","ast-page-background-enabled":"default","ast-page-background-meta":{"desktop":{"background-color":"","background-image":"","background-repeat":"repeat","background-position":"center center","background-size":"auto","background-attachment":"scroll","background-type":"","background-media":"","overlay-type":"","overlay-color":"","overlay-opacity":"","overlay-gradient":""},"tablet":{"background-color":"","background-image":"","background-repeat":"repeat","background-position":"center center","background-size":"auto","background-attachment":"scroll","background-type":"","background-media":"","overlay-type":"","overlay-color":"","overlay-opacity":"","overlay-gradient":""},"mobile":{"background-color":"","background-image":"","background-repeat":"repeat","background-position":"center center","background-size":"auto","background-attachment":"scroll","background-type":"","background-media":"","overlay-type":"","overlay-color":"","overlay-opacity":"","overlay-gradient":""}},"ast-content-background-meta":{"desktop":{"background-color":"var(--ast-global-color-5)","background-image":"","background-repeat":"repeat","background-position":"center center","background-size":"auto","background-attachment":"scroll","background-type":"","background-media":"","overlay-type":"","overlay-color":"","overlay-opacity":"","overlay-gradient":""},"tablet":{"background-color":"var(--ast-global-color-5)","background-image":"","background-repeat":"repeat","background-position":"center center","background-size":"auto","background-attachment":"scroll","background-type":"","background-media":"","overlay-type":"","overlay-color":"","overlay-opacity":"","overlay-gradient":""},"mobile":{"background-color":"var(--ast-global-color-5)","background-image":"","background-repeat":"repeat","background-position":"center center","background-size":"auto","background-attachment":"scroll","background-type":"","background-media":"","overlay-type":"","overlay-color":"","overlay-opacity":"","overlay-gradient":""}}},"product_brand":[],"product_cat":[28],"product_tag":[],"class_list":{"0":"post-1365","1":"product","2":"type-product","3":"status-publish","4":"has-post-thumbnail","6":"product_cat-plugin","7":"desktop-align-left","8":"tablet-align-left","9":"mobile-align-left","11":"first","12":"instock","13":"downloadable","14":"virtual","15":"purchasable","16":"product-type-simple"},"_links":{"self":[{"href":"https:\/\/insertwp.com\/br\/wp-json\/wp\/v2\/product\/1365","targetHints":{"allow":["GET"]}}],"collection":[{"href":"https:\/\/insertwp.com\/br\/wp-json\/wp\/v2\/product"}],"about":[{"href":"https:\/\/insertwp.com\/br\/wp-json\/wp\/v2\/types\/product"}],"replies":[{"embeddable":true,"href":"https:\/\/insertwp.com\/br\/wp-json\/wp\/v2\/comments?post=1365"}],"wp:featuredmedia":[{"embeddable":true,"href":"https:\/\/insertwp.com\/br\/wp-json\/wp\/v2\/media\/1369"}],"wp:attachment":[{"href":"https:\/\/insertwp.com\/br\/wp-json\/wp\/v2\/media?parent=1365"}],"wp:term":[{"taxonomy":"product_brand","embeddable":true,"href":"https:\/\/insertwp.com\/br\/wp-json\/wp\/v2\/product_brand?post=1365"},{"taxonomy":"product_cat","embeddable":true,"href":"https:\/\/insertwp.com\/br\/wp-json\/wp\/v2\/product_cat?post=1365"},{"taxonomy":"product_tag","embeddable":true,"href":"https:\/\/insertwp.com\/br\/wp-json\/wp\/v2\/product_tag?post=1365"}],"curies":[{"name":"wp","href":"https:\/\/api.w.org\/{rel}","templated":true}]}}