{"id":1370,"date":"2023-06-17T13:58:08","date_gmt":"2023-06-17T13:58:08","guid":{"rendered":"https:\/\/insertwp.com\/?post_type=product&#038;p=1370"},"modified":"2025-09-04T12:57:17","modified_gmt":"2025-09-04T12:57:17","slug":"learndash-lms-wordpress-plugin","status":"publish","type":"product","link":"https:\/\/insertwp.com\/br\/produto\/learndash-lms-wordpress-plugin\/","title":{"rendered":"LearnDash LMS WordPress Plugin"},"content":{"rendered":"<h5>O plug-in LearnDash \u00e9 uma poderosa ferramenta de e-learning que oferece v\u00e1rias vantagens para administradores e alunos do curso. Aqui est\u00e3o algumas das principais vantagens do plugin LearnDash:<\/h5>\n<p>&nbsp;<\/p>\n<p>Flexibilidade de cria\u00e7\u00e3o de cursos: LearnDash permite que voc\u00ea crie cursos online altamente personalizados e interativos. Voc\u00ea pode criar uma variedade de atividades, como question\u00e1rios, exerc\u00edcios pr\u00e1ticos, tarefas de reda\u00e7\u00e3o e muito mais. Al\u00e9m disso, voc\u00ea pode organizar seu conte\u00fado em m\u00f3dulos e li\u00e7\u00f5es para criar uma experi\u00eancia de aprendizado estruturada.<\/p>\n<p>Suporte para v\u00e1rios formatos de m\u00eddia: Com o LearnDash, voc\u00ea pode incorporar facilmente diferentes formatos de m\u00eddia em seus cursos, incluindo v\u00eddeos, \u00e1udio, imagens e documentos. Isso permite diversificar o conte\u00fado e tornar o aprendizado mais envolvente para os alunos.<\/p>\n<p>Integra\u00e7\u00e3o com sistemas de pagamento e associa\u00e7\u00e3o: o LearnDash oferece suporte \u00e0 integra\u00e7\u00e3o com v\u00e1rios sistemas de pagamento e associa\u00e7\u00e3o, facilitando a monetiza\u00e7\u00e3o de seus cursos. Voc\u00ea pode definir pre\u00e7os para seus cursos, criar assinaturas recorrentes, oferecer cupons de desconto e muito mais.<\/p>\n<p>Personaliza\u00e7\u00e3o e branding: com o LearnDash, voc\u00ea pode personalizar a apar\u00eancia de seus cursos para combinar com a identidade da sua marca. Voc\u00ea pode adicionar seu logotipo, alterar cores, personalizar certificados e at\u00e9 mesmo usar seu pr\u00f3prio dom\u00ednio para os cursos.<\/p>\n<p>Estas s\u00e3o apenas algumas das vantagens do plugin LearnDash. Com sua flexibilidade, recursos abrangentes e interface amig\u00e1vel, o LearnDash \u00e9 uma escolha popular para criar e gerenciar cursos online de alta qualidade.<\/p>","protected":false},"excerpt":{"rendered":"<p>The LearnDash plugin is a powerful e-learning tool that offers several advantages for course administrators and students. Here are some of the key advantages of the LearnDash plugin: &nbsp; Course creation flexibility: LearnDash allows you to create highly customized and interactive online courses. You can design a variety of activities such as quizzes, practical exercises, [&hellip;]<\/p>","protected":false},"featured_media":1372,"comment_status":"open","ping_status":"closed","template":"","meta":{"site-sidebar-layout":"default","site-content-layout":"default","ast-site-content-layout":"default","site-content-style":"default","site-sidebar-style":"default","ast-global-header-display":"","ast-banner-title-visibility":"","ast-main-header-display":"","ast-hfb-above-header-display":"","ast-hfb-below-header-display":"","ast-hfb-mobile-header-display":"","site-post-title":"","ast-breadcrumbs-content":"","ast-featured-img":"","footer-sml-layout":"","theme-transparent-header-meta":"default","adv-header-id-meta":"","stick-header-meta":"","header-above-stick-meta":"","header-main-stick-meta":"","header-below-stick-meta":"","astra-migrate-meta-layouts":"set","ast-page-background-enabled":"default","ast-page-background-meta":{"desktop":{"background-color":"","background-image":"","background-repeat":"repeat","background-position":"center center","background-size":"auto","background-attachment":"scroll","background-type":"","background-media":"","overlay-type":"","overlay-color":"","overlay-opacity":"","overlay-gradient":""},"tablet":{"background-color":"","background-image":"","background-repeat":"repeat","background-position":"center center","background-size":"auto","background-attachment":"scroll","background-type":"","background-media":"","overlay-type":"","overlay-color":"","overlay-opacity":"","overlay-gradient":""},"mobile":{"background-color":"","background-image":"","background-repeat":"repeat","background-position":"center center","background-size":"auto","background-attachment":"scroll","background-type":"","background-media":"","overlay-type":"","overlay-color":"","overlay-opacity":"","overlay-gradient":""}},"ast-content-background-meta":{"desktop":{"background-color":"var(--ast-global-color-5)","background-image":"","background-repeat":"repeat","background-position":"center center","background-size":"auto","background-attachment":"scroll","background-type":"","background-media":"","overlay-type":"","overlay-color":"","overlay-opacity":"","overlay-gradient":""},"tablet":{"background-color":"var(--ast-global-color-5)","background-image":"","background-repeat":"repeat","background-position":"center center","background-size":"auto","background-attachment":"scroll","background-type":"","background-media":"","overlay-type":"","overlay-color":"","overlay-opacity":"","overlay-gradient":""},"mobile":{"background-color":"var(--ast-global-color-5)","background-image":"","background-repeat":"repeat","background-position":"center center","background-size":"auto","background-attachment":"scroll","background-type":"","background-media":"","overlay-type":"","overlay-color":"","overlay-opacity":"","overlay-gradient":""}}},"product_brand":[],"product_cat":[28],"product_tag":[],"class_list":{"0":"post-1370","1":"product","2":"type-product","3":"status-publish","4":"has-post-thumbnail","6":"product_cat-plugin","7":"desktop-align-left","8":"tablet-align-left","9":"mobile-align-left","11":"first","12":"instock","13":"downloadable","14":"virtual","15":"purchasable","16":"product-type-simple"},"_links":{"self":[{"href":"https:\/\/insertwp.com\/br\/wp-json\/wp\/v2\/product\/1370","targetHints":{"allow":["GET"]}}],"collection":[{"href":"https:\/\/insertwp.com\/br\/wp-json\/wp\/v2\/product"}],"about":[{"href":"https:\/\/insertwp.com\/br\/wp-json\/wp\/v2\/types\/product"}],"replies":[{"embeddable":true,"href":"https:\/\/insertwp.com\/br\/wp-json\/wp\/v2\/comments?post=1370"}],"wp:featuredmedia":[{"embeddable":true,"href":"https:\/\/insertwp.com\/br\/wp-json\/wp\/v2\/media\/1372"}],"wp:attachment":[{"href":"https:\/\/insertwp.com\/br\/wp-json\/wp\/v2\/media?parent=1370"}],"wp:term":[{"taxonomy":"product_brand","embeddable":true,"href":"https:\/\/insertwp.com\/br\/wp-json\/wp\/v2\/product_brand?post=1370"},{"taxonomy":"product_cat","embeddable":true,"href":"https:\/\/insertwp.com\/br\/wp-json\/wp\/v2\/product_cat?post=1370"},{"taxonomy":"product_tag","embeddable":true,"href":"https:\/\/insertwp.com\/br\/wp-json\/wp\/v2\/product_tag?post=1370"}],"curies":[{"name":"wp","href":"https:\/\/api.w.org\/{rel}","templated":true}]}}