{"id":1582,"date":"2024-04-13T21:30:46","date_gmt":"2024-04-13T21:30:46","guid":{"rendered":"https:\/\/insertwp.com\/?post_type=product&#038;p=1582"},"modified":"2025-10-21T13:24:48","modified_gmt":"2025-10-21T13:24:48","slug":"woocommerce-subscriptions-download-wordpress-plugin","status":"publish","type":"product","link":"https:\/\/insertwp.com\/br\/produto\/woocommerce-subscriptions-download-wordpress-plugin\/","title":{"rendered":"woocommerce subscriptions download wordPress plugin"},"content":{"rendered":"<h3>Assinaturas WooCommerce geram renda residual com pagamentos recorrentes<\/h3>\n<p>&nbsp;<\/p>\n<p>Voc\u00ea pode garantir quanto dinheiro sua loja ganhar\u00e1 este m\u00eas? Se voc\u00ea oferecesse produtos baseados em assinatura, poderia fazer exatamente isso.<\/p>\n<p>Com <em>WooCommerce Subscriptions<\/em>, voc\u00ea pode criar e gerenciar produtos com pagamentos recorrentes \u2013 pagamentos que fornecer\u00e3o uma renda residual que voc\u00ea pode acompanhar e confiar.<\/p>\n<p>O WooCommerce Subscriptions permitem que voc\u00ea configure uma variedade de assinaturas para produtos e servi\u00e7os f\u00edsicos ou virtuais. Crie clubes de produtos do m\u00eas, assinaturas de servi\u00e7os semanais ou at\u00e9 mesmo pacotes anuais de cobran\u00e7a de software. Adicione taxas de inscri\u00e7\u00e3o, ofere\u00e7a testes gratuitos ou defina per\u00edodos de expira\u00e7\u00e3o.<\/p>\n<p>Um modelo baseado em assinatura permitir\u00e1 que voc\u00ea ganhe mais renda residual e tudo que voc\u00ea precisa fazer \u00e9 atender aos pedidos.<\/p>\n<p>Por que usar <strong>WooCommerce Subscriptions<\/strong>V\u00e1rios cronogramas de faturamento dispon\u00edveis para atender \u00e0s necessidades da sua loja Integra\u00e7\u00e3o com mais de 25 gateways de pagamento para pagamentos recorrentes autom\u00e1ticos Suporta pagamentos de renova\u00e7\u00e3o manual atrav\u00e9s de qualquer gateway de pagamento WooCommerce, juntamente com faturas e recibos autom\u00e1ticos via e-mail Suporta nova tentativa autom\u00e1tica em caso de falha no pagamento da assinatura, para que voc\u00ea nunca perder receita D\u00ea aos assinantes a capacidade de gerenciar seu pr\u00f3prio plano, incluindo upgrades ou downgrades, sem precisar esperar por sua assist\u00eancia Notifica\u00e7\u00f5es de renova\u00e7\u00e3o integradas e e-mails automatizados permitem que voc\u00ea e seus clientes saibam quando os pagamentos da assinatura foram processados, para que nunca haja nenhum surpresas. Relat\u00f3rios detalhados permitem rastrear receitas recorrentes, n\u00famero de assinantes ativos e muito mais <strong>WooCommerce Subscriptions<\/strong> Features Free Trials and Sign-up Fees<\/p>\n<p>Cobrar um valor inicial para cobrir os custos de configura\u00e7\u00e3o do cliente ou permitir que os clientes experimentem antes de comprar, adicionando taxas de inscri\u00e7\u00e3o e avalia\u00e7\u00f5es gratuitas a qualquer produto de assinatura.<\/p>\n<p>Gerenciamento de assinaturas<\/p>\n<p>Os propriet\u00e1rios de lojas obt\u00eam gerenciamento completo de assinaturas por meio da tela WooCommerce admin&gt; Editar assinatura. Voc\u00ea pode suspender ou cancelar uma assinatura, alterar o vencimento da avalia\u00e7\u00e3o, adicionar itens, frete, taxas ou impostos \u00e0 assinatura ou modificar o total recorrente para pagamentos futuros.<\/p>\n<p>Pagamentos Sincronizados<\/p>\n<p>Se quiser enviar apenas em determinados dias do m\u00eas ou alinhar todos os clientes ao mesmo per\u00edodo de assinatura anual, voc\u00ea pode fazer isso com o <strong>WooCommerce Subscriptions<\/strong> recurso de sincroniza\u00e7\u00e3o de renova\u00e7\u00e3o. Voc\u00ea pode at\u00e9 ratear o primeiro pagamento de uma compra de assinatura sincronizada.<\/p>\n<p>Op\u00e7\u00f5es flex\u00edveis de produtos<\/p>\n<p>Ao criar um produto de assinatura, voc\u00ea pode disponibilizar o produto para download, virtual ou f\u00edsico, cobrar pagamentos de renova\u00e7\u00e3o semanais, mensais ou anuais, limitar o produto a um por cliente e at\u00e9 cobrar frete apenas no pedido inicial.<\/p>\n<p>Cupons de assinatura<\/p>\n<p>Ofere\u00e7a aos clientes um desconto na mensalidade ou apenas na taxa de inscri\u00e7\u00e3o. As assinaturas incluem cupons de desconto recorrentes e cupons de taxas de inscri\u00e7\u00e3o.<\/p>\n<p>V\u00e1rias assinaturas<\/p>\n<p>Seus clientes tamb\u00e9m podem comprar diferentes produtos de assinatura na mesma transa\u00e7\u00e3o, e as Assinaturas agrupar\u00e3o produtos para reduzir taxas de gateway de pagamento e despesas log\u00edsticas para renova\u00e7\u00f5es futuras.<\/p>\n<p>E-mails de clientes<\/p>\n<p><strong>WooCommerce Subscriptions<\/strong> notifica automaticamente os clientes quando um pagamento de renova\u00e7\u00e3o de assinatura \u00e9 processado, uma assinatura \u00e9 cancelada ou quando uma assinatura expirou com e-mails de assinatura integrados.<\/p>","protected":false},"excerpt":{"rendered":"<p>WooCommerce Subscriptions Earn Residual Income with Recurring Payments &nbsp; Can you guarantee how much money your store will make this month? If you offered subscription-based products, you could do just that. With WooCommerce Subscriptions, you can create and manage products with recurring payments \u2013 payments that will provide a residual income that you can track [&hellip;]<\/p>","protected":false},"featured_media":1584,"comment_status":"open","ping_status":"closed","template":"","meta":{"site-sidebar-layout":"default","site-content-layout":"","ast-site-content-layout":"default","site-content-style":"default","site-sidebar-style":"default","ast-global-header-display":"","ast-banner-title-visibility":"","ast-main-header-display":"","ast-hfb-above-header-display":"","ast-hfb-below-header-display":"","ast-hfb-mobile-header-display":"","site-post-title":"","ast-breadcrumbs-content":"","ast-featured-img":"","footer-sml-layout":"","theme-transparent-header-meta":"default","adv-header-id-meta":"","stick-header-meta":"","header-above-stick-meta":"","header-main-stick-meta":"","header-below-stick-meta":"","astra-migrate-meta-layouts":"set","ast-page-background-enabled":"default","ast-page-background-meta":{"desktop":{"background-color":"","background-image":"","background-repeat":"repeat","background-position":"center center","background-size":"auto","background-attachment":"scroll","background-type":"","background-media":"","overlay-type":"","overlay-color":"","overlay-opacity":"","overlay-gradient":""},"tablet":{"background-color":"","background-image":"","background-repeat":"repeat","background-position":"center center","background-size":"auto","background-attachment":"scroll","background-type":"","background-media":"","overlay-type":"","overlay-color":"","overlay-opacity":"","overlay-gradient":""},"mobile":{"background-color":"","background-image":"","background-repeat":"repeat","background-position":"center center","background-size":"auto","background-attachment":"scroll","background-type":"","background-media":"","overlay-type":"","overlay-color":"","overlay-opacity":"","overlay-gradient":""}},"ast-content-background-meta":{"desktop":{"background-color":"var(--ast-global-color-5)","background-image":"","background-repeat":"repeat","background-position":"center center","background-size":"auto","background-attachment":"scroll","background-type":"","background-media":"","overlay-type":"","overlay-color":"","overlay-opacity":"","overlay-gradient":""},"tablet":{"background-color":"var(--ast-global-color-5)","background-image":"","background-repeat":"repeat","background-position":"center center","background-size":"auto","background-attachment":"scroll","background-type":"","background-media":"","overlay-type":"","overlay-color":"","overlay-opacity":"","overlay-gradient":""},"mobile":{"background-color":"var(--ast-global-color-5)","background-image":"","background-repeat":"repeat","background-position":"center center","background-size":"auto","background-attachment":"scroll","background-type":"","background-media":"","overlay-type":"","overlay-color":"","overlay-opacity":"","overlay-gradient":""}}},"product_brand":[],"product_cat":[28],"product_tag":[],"class_list":{"0":"post-1582","1":"product","2":"type-product","3":"status-publish","4":"has-post-thumbnail","6":"product_cat-plugin","7":"desktop-align-left","8":"tablet-align-left","9":"mobile-align-left","11":"first","12":"instock","13":"downloadable","14":"virtual","15":"purchasable","16":"product-type-simple"},"_links":{"self":[{"href":"https:\/\/insertwp.com\/br\/wp-json\/wp\/v2\/product\/1582","targetHints":{"allow":["GET"]}}],"collection":[{"href":"https:\/\/insertwp.com\/br\/wp-json\/wp\/v2\/product"}],"about":[{"href":"https:\/\/insertwp.com\/br\/wp-json\/wp\/v2\/types\/product"}],"replies":[{"embeddable":true,"href":"https:\/\/insertwp.com\/br\/wp-json\/wp\/v2\/comments?post=1582"}],"wp:featuredmedia":[{"embeddable":true,"href":"https:\/\/insertwp.com\/br\/wp-json\/wp\/v2\/media\/1584"}],"wp:attachment":[{"href":"https:\/\/insertwp.com\/br\/wp-json\/wp\/v2\/media?parent=1582"}],"wp:term":[{"taxonomy":"product_brand","embeddable":true,"href":"https:\/\/insertwp.com\/br\/wp-json\/wp\/v2\/product_brand?post=1582"},{"taxonomy":"product_cat","embeddable":true,"href":"https:\/\/insertwp.com\/br\/wp-json\/wp\/v2\/product_cat?post=1582"},{"taxonomy":"product_tag","embeddable":true,"href":"https:\/\/insertwp.com\/br\/wp-json\/wp\/v2\/product_tag?post=1582"}],"curies":[{"name":"wp","href":"https:\/\/api.w.org\/{rel}","templated":true}]}}