{"id":1736,"date":"2025-09-03T17:08:22","date_gmt":"2025-09-03T17:08:22","guid":{"rendered":"https:\/\/insertwp.com\/?post_type=product&#038;p=1736"},"modified":"2025-09-03T17:15:43","modified_gmt":"2025-09-03T17:15:43","slug":"astra-pro-wordpress-plugin","status":"publish","type":"product","link":"https:\/\/insertwp.com\/br\/produto\/astra-pro-wordpress-plugin\/","title":{"rendered":"Astra Pro WordPress Plugin"},"content":{"rendered":"<h2><span dir=\"auto\"><strong>Plugin WordPress<\/strong>\u00a0Astra Pro<\/span><\/h2>\n<p><span dir=\"auto\">O Astra Pro WordPress Plugin \u00e9 um plugin premium que aprimora a funcionalidade do popular tema Astra, um dos mais usados \u200b\u200bna comunidade WordPress.\u00a0<\/span><\/p>\n<p><span dir=\"auto\">Este plugin foi desenvolvido para aqueles que buscam levar seus sites para o pr\u00f3ximo n\u00edvel em termos de personaliza\u00e7\u00e3o, desempenho e facilidade de uso, oferecendo uma solu\u00e7\u00e3o otimizada tanto para iniciantes quanto para desenvolvedores avan\u00e7ados.<\/span><\/p>\n<h3><span dir=\"auto\">O que \u00e9 o plugin Astra Pro WordPress?<\/span><\/h3>\n<p><span dir=\"auto\">O plugin Astra Pro WordPress \u00e9 um complemento que desbloqueia recursos avan\u00e7ados do tema Astra, permitindo que voc\u00ea controle total sobre o design e a estrutura do seu site.\u00a0<\/span><\/p>\n<p><span dir=\"auto\">Embora a vers\u00e3o gratuita do Astra j\u00e1 seja conhecida por sua velocidade, leveza e compatibilidade com os principais construtores de p\u00e1ginas, como Elementor e Beaver Builder, o Astra Pro eleva essa experi\u00eancia ao oferecer ferramentas adicionais de personaliza\u00e7\u00e3o e op\u00e7\u00f5es de design que permitem criar sites profissionais sem nenhum conhecimento de codifica\u00e7\u00e3o.<\/span><\/p>","protected":false},"excerpt":{"rendered":"<p>Plugin WordPress\u00a0Astra Pro O Astra Pro WordPress Plugin \u00e9 um plugin premium que aprimora a funcionalidade do popular tema Astra, um dos mais usados \u200b\u200bna comunidade WordPress.\u00a0 Este plugin foi desenvolvido para aqueles que buscam levar seus sites para o pr\u00f3ximo n\u00edvel em termos de personaliza\u00e7\u00e3o, desempenho e facilidade de uso, oferecendo uma solu\u00e7\u00e3o otimizada [&hellip;]<\/p>","protected":false},"featured_media":1738,"comment_status":"open","ping_status":"closed","template":"","meta":{"site-sidebar-layout":"default","site-content-layout":"","ast-site-content-layout":"default","site-content-style":"default","site-sidebar-style":"default","ast-global-header-display":"","ast-banner-title-visibility":"","ast-main-header-display":"","ast-hfb-above-header-display":"","ast-hfb-below-header-display":"","ast-hfb-mobile-header-display":"","site-post-title":"","ast-breadcrumbs-content":"","ast-featured-img":"","footer-sml-layout":"","theme-transparent-header-meta":"default","adv-header-id-meta":"","stick-header-meta":"","header-above-stick-meta":"","header-main-stick-meta":"","header-below-stick-meta":"","astra-migrate-meta-layouts":"set","ast-page-background-enabled":"default","ast-page-background-meta":{"desktop":{"background-color":"","background-image":"","background-repeat":"repeat","background-position":"center center","background-size":"auto","background-attachment":"scroll","background-type":"","background-media":"","overlay-type":"","overlay-color":"","overlay-opacity":"","overlay-gradient":""},"tablet":{"background-color":"","background-image":"","background-repeat":"repeat","background-position":"center center","background-size":"auto","background-attachment":"scroll","background-type":"","background-media":"","overlay-type":"","overlay-color":"","overlay-opacity":"","overlay-gradient":""},"mobile":{"background-color":"","background-image":"","background-repeat":"repeat","background-position":"center center","background-size":"auto","background-attachment":"scroll","background-type":"","background-media":"","overlay-type":"","overlay-color":"","overlay-opacity":"","overlay-gradient":""}},"ast-content-background-meta":{"desktop":{"background-color":"var(--ast-global-color-5)","background-image":"","background-repeat":"repeat","background-position":"center center","background-size":"auto","background-attachment":"scroll","background-type":"","background-media":"","overlay-type":"","overlay-color":"","overlay-opacity":"","overlay-gradient":""},"tablet":{"background-color":"var(--ast-global-color-5)","background-image":"","background-repeat":"repeat","background-position":"center center","background-size":"auto","background-attachment":"scroll","background-type":"","background-media":"","overlay-type":"","overlay-color":"","overlay-opacity":"","overlay-gradient":""},"mobile":{"background-color":"var(--ast-global-color-5)","background-image":"","background-repeat":"repeat","background-position":"center center","background-size":"auto","background-attachment":"scroll","background-type":"","background-media":"","overlay-type":"","overlay-color":"","overlay-opacity":"","overlay-gradient":""}}},"product_brand":[],"product_cat":[28],"product_tag":[],"class_list":{"0":"post-1736","1":"product","2":"type-product","3":"status-publish","4":"has-post-thumbnail","6":"product_cat-plugin","7":"desktop-align-left","8":"tablet-align-left","9":"mobile-align-left","11":"first","12":"instock","13":"downloadable","14":"virtual","15":"purchasable","16":"product-type-simple"},"_links":{"self":[{"href":"https:\/\/insertwp.com\/br\/wp-json\/wp\/v2\/product\/1736","targetHints":{"allow":["GET"]}}],"collection":[{"href":"https:\/\/insertwp.com\/br\/wp-json\/wp\/v2\/product"}],"about":[{"href":"https:\/\/insertwp.com\/br\/wp-json\/wp\/v2\/types\/product"}],"replies":[{"embeddable":true,"href":"https:\/\/insertwp.com\/br\/wp-json\/wp\/v2\/comments?post=1736"}],"wp:featuredmedia":[{"embeddable":true,"href":"https:\/\/insertwp.com\/br\/wp-json\/wp\/v2\/media\/1738"}],"wp:attachment":[{"href":"https:\/\/insertwp.com\/br\/wp-json\/wp\/v2\/media?parent=1736"}],"wp:term":[{"taxonomy":"product_brand","embeddable":true,"href":"https:\/\/insertwp.com\/br\/wp-json\/wp\/v2\/product_brand?post=1736"},{"taxonomy":"product_cat","embeddable":true,"href":"https:\/\/insertwp.com\/br\/wp-json\/wp\/v2\/product_cat?post=1736"},{"taxonomy":"product_tag","embeddable":true,"href":"https:\/\/insertwp.com\/br\/wp-json\/wp\/v2\/product_tag?post=1736"}],"curies":[{"name":"wp","href":"https:\/\/api.w.org\/{rel}","templated":true}]}}