{"id":1237,"date":"2023-06-12T19:23:52","date_gmt":"2023-06-12T19:23:52","guid":{"rendered":"https:\/\/insertwp.com\/?post_type=product&#038;p=1237"},"modified":"2024-04-15T14:46:57","modified_gmt":"2024-04-15T14:46:57","slug":"uncanny-automator-pro","status":"publish","type":"product","link":"https:\/\/insertwp.com\/es\/producto\/uncanny-automator-pro\/","title":{"rendered":"Uncanny automator pro"},"content":{"rendered":"<h4>El complemento Uncanny Automator Pro es una soluci\u00f3n poderosa para mejorar la funcionalidad y la eficiencia de su sitio web o blog de WordPress. Con una amplia gama de funciones e integraciones, Uncanny Automator Pro le permite automatizar tareas y flujos de trabajo, ahorrando un tiempo valioso y brindando una experiencia mejorada tanto para los administradores del sitio como para los visitantes.<\/h4>\n<p>&nbsp;<\/p>\n<p>Aqu\u00ed hay algunas ventajas clave de comprar el complemento Uncanny Automator Pro:<\/p>\n<p>Automatizaci\u00f3n de tareas: con Uncanny Automator Pro, puede automatizar una variedad de tareas y procesos en su sitio de WordPress. Desde acciones simples como enviar correos electr\u00f3nicos de bienvenida o notificaciones hasta tareas m\u00e1s complejas como crear usuarios personalizados en funci\u00f3n de eventos espec\u00edficos, el complemento le permite automatizar pr\u00e1cticamente cualquier cosa.<\/p>\n<p>Potentes integraciones: Uncanny Automator Pro ofrece una amplia gama de integraciones con otros complementos y servicios populares. Esto significa que puede conectar f\u00e1cilmente diferentes partes de su sitio, como formularios de contacto, complementos de comercio electr\u00f3nico, sistemas de aprendizaje en l\u00ednea y m\u00e1s. Estas integraciones le permiten crear flujos de trabajo automatizados y conectar diferentes partes de su sitio sin necesidad de una codificaci\u00f3n compleja.<\/p>\n<p>Flexibilidad y personalizaci\u00f3n: el complemento Uncanny Automator Pro proporciona una interfaz intuitiva y f\u00e1cil de usar que le permite crear flujos de trabajo personalizados de acuerdo con sus necesidades espec\u00edficas. Con una amplia variedad de activadores, acciones y condiciones disponibles, puede personalizar las automatizaciones en funci\u00f3n de las caracter\u00edsticas \u00fanicas de su sitio y su p\u00fablico objetivo.<\/p>\n<p>En resumen, Uncanny Automator Pro es una soluci\u00f3n completa y poderosa para automatizar tareas y mejorar la funcionalidad de su sitio de WordPress.<\/p>","protected":false},"excerpt":{"rendered":"<p>The Uncanny Automator Pro plugin is a powerful solution for enhancing the functionality and efficiency of your WordPress website or blog. With a wide range of features and integrations, Uncanny Automator Pro allows you to automate tasks and workflows, saving valuable time and providing an enhanced experience for both site administrators and visitors. &nbsp; Here [&hellip;]<\/p>","protected":false},"featured_media":1239,"comment_status":"open","ping_status":"closed","template":"","meta":{"site-sidebar-layout":"default","site-content-layout":"default","ast-site-content-layout":"default","site-content-style":"default","site-sidebar-style":"default","ast-global-header-display":"","ast-banner-title-visibility":"","ast-main-header-display":"","ast-hfb-above-header-display":"","ast-hfb-below-header-display":"","ast-hfb-mobile-header-display":"","site-post-title":"","ast-breadcrumbs-content":"","ast-featured-img":"","footer-sml-layout":"","ast-disable-related-posts":"","theme-transparent-header-meta":"default","adv-header-id-meta":"","stick-header-meta":"","header-above-stick-meta":"","header-main-stick-meta":"","header-below-stick-meta":"","astra-migrate-meta-layouts":"set","ast-page-background-enabled":"default","ast-page-background-meta":{"desktop":{"background-color":"","background-image":"","background-repeat":"repeat","background-position":"center center","background-size":"auto","background-attachment":"scroll","background-type":"","background-media":"","overlay-type":"","overlay-color":"","overlay-opacity":"","overlay-gradient":""},"tablet":{"background-color":"","background-image":"","background-repeat":"repeat","background-position":"center center","background-size":"auto","background-attachment":"scroll","background-type":"","background-media":"","overlay-type":"","overlay-color":"","overlay-opacity":"","overlay-gradient":""},"mobile":{"background-color":"","background-image":"","background-repeat":"repeat","background-position":"center center","background-size":"auto","background-attachment":"scroll","background-type":"","background-media":"","overlay-type":"","overlay-color":"","overlay-opacity":"","overlay-gradient":""}},"ast-content-background-meta":{"desktop":{"background-color":"var(--ast-global-color-5)","background-image":"","background-repeat":"repeat","background-position":"center center","background-size":"auto","background-attachment":"scroll","background-type":"","background-media":"","overlay-type":"","overlay-color":"","overlay-opacity":"","overlay-gradient":""},"tablet":{"background-color":"var(--ast-global-color-5)","background-image":"","background-repeat":"repeat","background-position":"center center","background-size":"auto","background-attachment":"scroll","background-type":"","background-media":"","overlay-type":"","overlay-color":"","overlay-opacity":"","overlay-gradient":""},"mobile":{"background-color":"var(--ast-global-color-5)","background-image":"","background-repeat":"repeat","background-position":"center center","background-size":"auto","background-attachment":"scroll","background-type":"","background-media":"","overlay-type":"","overlay-color":"","overlay-opacity":"","overlay-gradient":""}}},"product_brand":[],"product_cat":[28],"product_tag":[],"class_list":{"0":"post-1237","1":"product","2":"type-product","3":"status-publish","4":"has-post-thumbnail","6":"product_cat-plugin","7":"desktop-align-left","8":"tablet-align-left","9":"mobile-align-left","11":"first","12":"instock","13":"downloadable","14":"virtual","15":"purchasable","16":"product-type-simple"},"_links":{"self":[{"href":"https:\/\/insertwp.com\/es\/wp-json\/wp\/v2\/product\/1237","targetHints":{"allow":["GET"]}}],"collection":[{"href":"https:\/\/insertwp.com\/es\/wp-json\/wp\/v2\/product"}],"about":[{"href":"https:\/\/insertwp.com\/es\/wp-json\/wp\/v2\/types\/product"}],"replies":[{"embeddable":true,"href":"https:\/\/insertwp.com\/es\/wp-json\/wp\/v2\/comments?post=1237"}],"wp:featuredmedia":[{"embeddable":true,"href":"https:\/\/insertwp.com\/es\/wp-json\/wp\/v2\/media\/1239"}],"wp:attachment":[{"href":"https:\/\/insertwp.com\/es\/wp-json\/wp\/v2\/media?parent=1237"}],"wp:term":[{"taxonomy":"product_brand","embeddable":true,"href":"https:\/\/insertwp.com\/es\/wp-json\/wp\/v2\/product_brand?post=1237"},{"taxonomy":"product_cat","embeddable":true,"href":"https:\/\/insertwp.com\/es\/wp-json\/wp\/v2\/product_cat?post=1237"},{"taxonomy":"product_tag","embeddable":true,"href":"https:\/\/insertwp.com\/es\/wp-json\/wp\/v2\/product_tag?post=1237"}],"curies":[{"name":"wp","href":"https:\/\/api.w.org\/{rel}","templated":true}]}}