{"id":1343,"date":"2023-06-17T12:41:36","date_gmt":"2023-06-17T12:41:36","guid":{"rendered":"https:\/\/insertwp.com\/?post_type=product&#038;p=1343"},"modified":"2023-06-17T12:41:36","modified_gmt":"2023-06-17T12:41:36","slug":"ultimate-affiliate-pro-plugin","status":"publish","type":"product","link":"https:\/\/insertwp.com\/es\/producto\/ultimate-affiliate-pro-plugin\/","title":{"rendered":"Ultimate Affiliate Pro Plugin"},"content":{"rendered":"<h5>Vantage Plugin Ultimate Affiliate Pro es un poderoso complemento de WordPress que lleva su marketing de afiliaci\u00f3n al siguiente nivel.<\/h5>\n<p>&nbsp;<\/p>\n<p>Con sus caracter\u00edsticas s\u00f3lidas y su perfecta integraci\u00f3n, le permite crear y administrar sin esfuerzo un programa de afiliados altamente efectivo en su sitio web.<\/p>\n<p>Este complemento proporciona una interfaz intuitiva, lo que facilita a los usuarios de todos los niveles navegar y utilizar su amplia gama de opciones. Puede reclutar, rastrear y motivar afiliados con precisi\u00f3n, asegurando el m\u00e1ximo compromiso e impulsando m\u00e1s ventas para su negocio.<\/p>\n<p><strong>Ultimate Affiliate Pro<\/strong> ofrece varias estructuras de comisiones, lo que le permite recompensar a los afiliados en funci\u00f3n de su rendimiento. Ya sea que prefiera tarifas planas, comisiones basadas en porcentajes o incentivos escalonados, este complemento le brinda la flexibilidad de configurar el sistema de comisiones ideal para sus necesidades espec\u00edficas.<\/p>\n<p>Adem\u00e1s, las herramientas de marketing incluidas en <em>Ultimate Affiliate Pro<\/em> le permiten crear banners llamativos, materiales promocionales y p\u00e1ginas de destino. Esto aumenta la visibilidad de sus ofertas de afiliados y ayuda a maximizar las tasas de conversi\u00f3n, lo que lleva a una mayor generaci\u00f3n de ingresos.<\/p>\n<p>El complemento se integra a la perfecci\u00f3n con las pasarelas de pago populares, las plataformas de marketing por correo electr\u00f3nico y otros servicios de terceros, lo que facilita la administraci\u00f3n de su programa de afiliados junto con su infraestructura comercial existente.<\/p>\n<p>No importa el tama\u00f1o de su negocio, Vantage Plugin <strong>Ultimate Affiliate Pro<\/strong> proporciona una soluci\u00f3n integral para establecer y hacer crecer un programa de afiliados exitoso. Al aprovechar el poder del marketing de afiliaci\u00f3n, puede expandir el alcance de su marca, aumentar las ventas y lograr un crecimiento comercial notable.<\/p>","protected":false},"excerpt":{"rendered":"<p>Vantage Plugin Ultimate Affiliate Pro is a powerful WordPress plugin that takes your affiliate marketing to the next level. &nbsp; With its robust features and seamless integration, it empowers you to effortlessly create and manage a highly effective affiliate program on your website. This plugin provides an intuitive interface, making it easy for users of [&hellip;]<\/p>","protected":false},"featured_media":1345,"comment_status":"open","ping_status":"closed","template":"","meta":{"site-sidebar-layout":"default","site-content-layout":"default","ast-site-content-layout":"default","site-content-style":"default","site-sidebar-style":"default","ast-global-header-display":"","ast-banner-title-visibility":"","ast-main-header-display":"","ast-hfb-above-header-display":"","ast-hfb-below-header-display":"","ast-hfb-mobile-header-display":"","site-post-title":"","ast-breadcrumbs-content":"","ast-featured-img":"","footer-sml-layout":"","theme-transparent-header-meta":"default","adv-header-id-meta":"","stick-header-meta":"","header-above-stick-meta":"","header-main-stick-meta":"","header-below-stick-meta":"","astra-migrate-meta-layouts":"default","ast-page-background-enabled":"default","ast-page-background-meta":{"desktop":{"background-color":"","background-image":"","background-repeat":"repeat","background-position":"center center","background-size":"auto","background-attachment":"scroll","background-type":"","background-media":"","overlay-type":"","overlay-color":"","overlay-opacity":"","overlay-gradient":""},"tablet":{"background-color":"","background-image":"","background-repeat":"repeat","background-position":"center center","background-size":"auto","background-attachment":"scroll","background-type":"","background-media":"","overlay-type":"","overlay-color":"","overlay-opacity":"","overlay-gradient":""},"mobile":{"background-color":"","background-image":"","background-repeat":"repeat","background-position":"center center","background-size":"auto","background-attachment":"scroll","background-type":"","background-media":"","overlay-type":"","overlay-color":"","overlay-opacity":"","overlay-gradient":""}},"ast-content-background-meta":{"desktop":{"background-color":"var(--ast-global-color-5)","background-image":"","background-repeat":"repeat","background-position":"center center","background-size":"auto","background-attachment":"scroll","background-type":"","background-media":"","overlay-type":"","overlay-color":"","overlay-opacity":"","overlay-gradient":""},"tablet":{"background-color":"var(--ast-global-color-5)","background-image":"","background-repeat":"repeat","background-position":"center center","background-size":"auto","background-attachment":"scroll","background-type":"","background-media":"","overlay-type":"","overlay-color":"","overlay-opacity":"","overlay-gradient":""},"mobile":{"background-color":"var(--ast-global-color-5)","background-image":"","background-repeat":"repeat","background-position":"center center","background-size":"auto","background-attachment":"scroll","background-type":"","background-media":"","overlay-type":"","overlay-color":"","overlay-opacity":"","overlay-gradient":""}}},"product_brand":[],"product_cat":[28],"product_tag":[],"class_list":{"0":"post-1343","1":"product","2":"type-product","3":"status-publish","4":"has-post-thumbnail","6":"product_cat-plugin","7":"desktop-align-left","8":"tablet-align-left","9":"mobile-align-left","11":"first","12":"instock","13":"downloadable","14":"virtual","15":"purchasable","16":"product-type-simple"},"_links":{"self":[{"href":"https:\/\/insertwp.com\/es\/wp-json\/wp\/v2\/product\/1343","targetHints":{"allow":["GET"]}}],"collection":[{"href":"https:\/\/insertwp.com\/es\/wp-json\/wp\/v2\/product"}],"about":[{"href":"https:\/\/insertwp.com\/es\/wp-json\/wp\/v2\/types\/product"}],"replies":[{"embeddable":true,"href":"https:\/\/insertwp.com\/es\/wp-json\/wp\/v2\/comments?post=1343"}],"wp:featuredmedia":[{"embeddable":true,"href":"https:\/\/insertwp.com\/es\/wp-json\/wp\/v2\/media\/1345"}],"wp:attachment":[{"href":"https:\/\/insertwp.com\/es\/wp-json\/wp\/v2\/media?parent=1343"}],"wp:term":[{"taxonomy":"product_brand","embeddable":true,"href":"https:\/\/insertwp.com\/es\/wp-json\/wp\/v2\/product_brand?post=1343"},{"taxonomy":"product_cat","embeddable":true,"href":"https:\/\/insertwp.com\/es\/wp-json\/wp\/v2\/product_cat?post=1343"},{"taxonomy":"product_tag","embeddable":true,"href":"https:\/\/insertwp.com\/es\/wp-json\/wp\/v2\/product_tag?post=1343"}],"curies":[{"name":"wp","href":"https:\/\/api.w.org\/{rel}","templated":true}]}}