{"id":1365,"date":"2023-06-17T13:15:03","date_gmt":"2023-06-17T13:15:03","guid":{"rendered":"https:\/\/insertwp.com\/?post_type=product&#038;p=1365"},"modified":"2024-08-03T23:32:38","modified_gmt":"2024-08-03T23:32:38","slug":"translatepress-pro-business-plugin","status":"publish","type":"product","link":"https:\/\/insertwp.com\/es\/producto\/translatepress-pro-business-plugin\/","title":{"rendered":"Translatepress Pro Business Plugin"},"content":{"rendered":"<h5>El complemento TranslatePress Pro Business es una herramienta de traducci\u00f3n profesional y muy vers\u00e1til dise\u00f1ada para sitios web que buscan brindar una experiencia multiling\u00fce excepcional a sus usuarios.<\/h5>\n<p>&nbsp;<\/p>\n<p>Con funciones avanzadas y una interfaz f\u00e1cil de usar, TranslatePress Pro Business agiliza el proceso de traducci\u00f3n y localizaci\u00f3n de contenido, lo que le permite expandir su alcance global de manera efectiva.<\/p>\n<p>Una de las caracter\u00edsticas clave de TranslatePress Pro Business es su capacidad para traducir de forma intuitiva y sencilla todo el contenido de su sitio web. Con solo unos pocos clics, puede traducir p\u00e1ginas, publicaciones, widgets, men\u00fas, complementos e incluso cadenas de temas, todo sin salir del panel de control de WordPress. Esto hace que la traducci\u00f3n de su sitio web sea r\u00e1pida y conveniente, ahorr\u00e1ndole tiempo y esfuerzo.<\/p>\n<p>Adem\u00e1s, el complemento ofrece un modo de traducci\u00f3n visual \u00fanico, que le permite obtener una vista previa y editar las traducciones en tiempo real, directamente en la p\u00e1gina. Con esta funcionalidad, puede ver c\u00f3mo las traducciones encajan en el contexto y realizar ajustes precisos para garantizar la calidad y precisi\u00f3n del contenido traducido.<\/p>\n<p>TranslatePress Pro Business tambi\u00e9n se destaca por su compatibilidad con una amplia gama de temas y complementos populares. Admite temas complejos, creadores de p\u00e1ginas y formularios de contacto, lo que garantiza que la traducci\u00f3n se aplique de manera consistente en todo su sitio web, independientemente de los complementos adicionales que pueda estar utilizando.<\/p>","protected":false},"excerpt":{"rendered":"<p>TranslatePress Pro Business plugin is a professional and highly versatile translation tool designed for websites aiming to provide an exceptional multilingual experience to their users. &nbsp; With advanced features and a user-friendly interface, TranslatePress Pro Business streamlines the process of translating and localizing content, enabling you to effectively expand your global reach. One of the [&hellip;]<\/p>","protected":false},"featured_media":1369,"comment_status":"open","ping_status":"closed","template":"","meta":{"site-sidebar-layout":"default","site-content-layout":"default","ast-site-content-layout":"default","site-content-style":"default","site-sidebar-style":"default","ast-global-header-display":"","ast-banner-title-visibility":"","ast-main-header-display":"","ast-hfb-above-header-display":"","ast-hfb-below-header-display":"","ast-hfb-mobile-header-display":"","site-post-title":"","ast-breadcrumbs-content":"","ast-featured-img":"","footer-sml-layout":"","theme-transparent-header-meta":"default","adv-header-id-meta":"","stick-header-meta":"","header-above-stick-meta":"","header-main-stick-meta":"","header-below-stick-meta":"","astra-migrate-meta-layouts":"set","ast-page-background-enabled":"default","ast-page-background-meta":{"desktop":{"background-color":"","background-image":"","background-repeat":"repeat","background-position":"center center","background-size":"auto","background-attachment":"scroll","background-type":"","background-media":"","overlay-type":"","overlay-color":"","overlay-opacity":"","overlay-gradient":""},"tablet":{"background-color":"","background-image":"","background-repeat":"repeat","background-position":"center center","background-size":"auto","background-attachment":"scroll","background-type":"","background-media":"","overlay-type":"","overlay-color":"","overlay-opacity":"","overlay-gradient":""},"mobile":{"background-color":"","background-image":"","background-repeat":"repeat","background-position":"center center","background-size":"auto","background-attachment":"scroll","background-type":"","background-media":"","overlay-type":"","overlay-color":"","overlay-opacity":"","overlay-gradient":""}},"ast-content-background-meta":{"desktop":{"background-color":"var(--ast-global-color-5)","background-image":"","background-repeat":"repeat","background-position":"center center","background-size":"auto","background-attachment":"scroll","background-type":"","background-media":"","overlay-type":"","overlay-color":"","overlay-opacity":"","overlay-gradient":""},"tablet":{"background-color":"var(--ast-global-color-5)","background-image":"","background-repeat":"repeat","background-position":"center center","background-size":"auto","background-attachment":"scroll","background-type":"","background-media":"","overlay-type":"","overlay-color":"","overlay-opacity":"","overlay-gradient":""},"mobile":{"background-color":"var(--ast-global-color-5)","background-image":"","background-repeat":"repeat","background-position":"center center","background-size":"auto","background-attachment":"scroll","background-type":"","background-media":"","overlay-type":"","overlay-color":"","overlay-opacity":"","overlay-gradient":""}}},"product_brand":[],"product_cat":[28],"product_tag":[],"class_list":{"0":"post-1365","1":"product","2":"type-product","3":"status-publish","4":"has-post-thumbnail","6":"product_cat-plugin","7":"desktop-align-left","8":"tablet-align-left","9":"mobile-align-left","11":"first","12":"instock","13":"downloadable","14":"virtual","15":"purchasable","16":"product-type-simple"},"_links":{"self":[{"href":"https:\/\/insertwp.com\/es\/wp-json\/wp\/v2\/product\/1365","targetHints":{"allow":["GET"]}}],"collection":[{"href":"https:\/\/insertwp.com\/es\/wp-json\/wp\/v2\/product"}],"about":[{"href":"https:\/\/insertwp.com\/es\/wp-json\/wp\/v2\/types\/product"}],"replies":[{"embeddable":true,"href":"https:\/\/insertwp.com\/es\/wp-json\/wp\/v2\/comments?post=1365"}],"wp:featuredmedia":[{"embeddable":true,"href":"https:\/\/insertwp.com\/es\/wp-json\/wp\/v2\/media\/1369"}],"wp:attachment":[{"href":"https:\/\/insertwp.com\/es\/wp-json\/wp\/v2\/media?parent=1365"}],"wp:term":[{"taxonomy":"product_brand","embeddable":true,"href":"https:\/\/insertwp.com\/es\/wp-json\/wp\/v2\/product_brand?post=1365"},{"taxonomy":"product_cat","embeddable":true,"href":"https:\/\/insertwp.com\/es\/wp-json\/wp\/v2\/product_cat?post=1365"},{"taxonomy":"product_tag","embeddable":true,"href":"https:\/\/insertwp.com\/es\/wp-json\/wp\/v2\/product_tag?post=1365"}],"curies":[{"name":"wp","href":"https:\/\/api.w.org\/{rel}","templated":true}]}}