{"id":1370,"date":"2023-06-17T13:58:08","date_gmt":"2023-06-17T13:58:08","guid":{"rendered":"https:\/\/insertwp.com\/?post_type=product&#038;p=1370"},"modified":"2025-09-04T12:57:17","modified_gmt":"2025-09-04T12:57:17","slug":"learndash-lms-wordpress-plugin","status":"publish","type":"product","link":"https:\/\/insertwp.com\/es\/producto\/learndash-lms-wordpress-plugin\/","title":{"rendered":"LearnDash LMS WordPress Plugin"},"content":{"rendered":"<h5>El complemento LearnDash es una poderosa herramienta de aprendizaje electr\u00f3nico que ofrece varias ventajas para los administradores y estudiantes del curso. Estas son algunas de las ventajas clave del complemento LearnDash:<\/h5>\n<p>&nbsp;<\/p>\n<p>Flexibilidad en la creaci\u00f3n de cursos: LearnDash le permite crear cursos en l\u00ednea altamente personalizados e interactivos. Puede dise\u00f1ar una variedad de actividades como cuestionarios, ejercicios pr\u00e1cticos, tareas de escritura y m\u00e1s. Adem\u00e1s, puede organizar su contenido en m\u00f3dulos y lecciones para crear una experiencia de aprendizaje estructurada.<\/p>\n<p>Soporte para m\u00faltiples formatos de medios: con LearnDash, puede incorporar f\u00e1cilmente diferentes formatos de medios en sus cursos, incluidos videos, audio, im\u00e1genes y documentos. Esto le permite diversificar el contenido y hacer que el aprendizaje sea m\u00e1s atractivo para los estudiantes.<\/p>\n<p>Integraci\u00f3n con sistemas de pago y membres\u00eda: LearnDash admite la integraci\u00f3n con varios sistemas de pago y membres\u00eda, lo que facilita la monetizaci\u00f3n de sus cursos. Puede establecer precios para sus cursos, crear suscripciones recurrentes, ofrecer cupones de descuento y m\u00e1s.<\/p>\n<p>Personalizaci\u00f3n y marca: con LearnDash, puede personalizar la apariencia de sus cursos para que coincidan con la identidad de su marca. Puede agregar su logotipo, cambiar colores, personalizar certificados e incluso usar su propio dominio para los cursos.<\/p>\n<p>Estas son solo algunas de las ventajas del complemento LearnDash. Con su flexibilidad, funciones integrales e interfaz f\u00e1cil de usar, LearnDash es una opci\u00f3n popular para crear y administrar cursos en l\u00ednea de alta calidad.<\/p>","protected":false},"excerpt":{"rendered":"<p>The LearnDash plugin is a powerful e-learning tool that offers several advantages for course administrators and students. Here are some of the key advantages of the LearnDash plugin: &nbsp; Course creation flexibility: LearnDash allows you to create highly customized and interactive online courses. You can design a variety of activities such as quizzes, practical exercises, [&hellip;]<\/p>","protected":false},"featured_media":1372,"comment_status":"open","ping_status":"closed","template":"","meta":{"site-sidebar-layout":"default","site-content-layout":"default","ast-site-content-layout":"default","site-content-style":"default","site-sidebar-style":"default","ast-global-header-display":"","ast-banner-title-visibility":"","ast-main-header-display":"","ast-hfb-above-header-display":"","ast-hfb-below-header-display":"","ast-hfb-mobile-header-display":"","site-post-title":"","ast-breadcrumbs-content":"","ast-featured-img":"","footer-sml-layout":"","theme-transparent-header-meta":"default","adv-header-id-meta":"","stick-header-meta":"","header-above-stick-meta":"","header-main-stick-meta":"","header-below-stick-meta":"","astra-migrate-meta-layouts":"set","ast-page-background-enabled":"default","ast-page-background-meta":{"desktop":{"background-color":"","background-image":"","background-repeat":"repeat","background-position":"center center","background-size":"auto","background-attachment":"scroll","background-type":"","background-media":"","overlay-type":"","overlay-color":"","overlay-opacity":"","overlay-gradient":""},"tablet":{"background-color":"","background-image":"","background-repeat":"repeat","background-position":"center center","background-size":"auto","background-attachment":"scroll","background-type":"","background-media":"","overlay-type":"","overlay-color":"","overlay-opacity":"","overlay-gradient":""},"mobile":{"background-color":"","background-image":"","background-repeat":"repeat","background-position":"center center","background-size":"auto","background-attachment":"scroll","background-type":"","background-media":"","overlay-type":"","overlay-color":"","overlay-opacity":"","overlay-gradient":""}},"ast-content-background-meta":{"desktop":{"background-color":"var(--ast-global-color-5)","background-image":"","background-repeat":"repeat","background-position":"center center","background-size":"auto","background-attachment":"scroll","background-type":"","background-media":"","overlay-type":"","overlay-color":"","overlay-opacity":"","overlay-gradient":""},"tablet":{"background-color":"var(--ast-global-color-5)","background-image":"","background-repeat":"repeat","background-position":"center center","background-size":"auto","background-attachment":"scroll","background-type":"","background-media":"","overlay-type":"","overlay-color":"","overlay-opacity":"","overlay-gradient":""},"mobile":{"background-color":"var(--ast-global-color-5)","background-image":"","background-repeat":"repeat","background-position":"center center","background-size":"auto","background-attachment":"scroll","background-type":"","background-media":"","overlay-type":"","overlay-color":"","overlay-opacity":"","overlay-gradient":""}}},"product_brand":[],"product_cat":[28],"product_tag":[],"class_list":{"0":"post-1370","1":"product","2":"type-product","3":"status-publish","4":"has-post-thumbnail","6":"product_cat-plugin","7":"desktop-align-left","8":"tablet-align-left","9":"mobile-align-left","11":"first","12":"instock","13":"downloadable","14":"virtual","15":"purchasable","16":"product-type-simple"},"_links":{"self":[{"href":"https:\/\/insertwp.com\/es\/wp-json\/wp\/v2\/product\/1370","targetHints":{"allow":["GET"]}}],"collection":[{"href":"https:\/\/insertwp.com\/es\/wp-json\/wp\/v2\/product"}],"about":[{"href":"https:\/\/insertwp.com\/es\/wp-json\/wp\/v2\/types\/product"}],"replies":[{"embeddable":true,"href":"https:\/\/insertwp.com\/es\/wp-json\/wp\/v2\/comments?post=1370"}],"wp:featuredmedia":[{"embeddable":true,"href":"https:\/\/insertwp.com\/es\/wp-json\/wp\/v2\/media\/1372"}],"wp:attachment":[{"href":"https:\/\/insertwp.com\/es\/wp-json\/wp\/v2\/media?parent=1370"}],"wp:term":[{"taxonomy":"product_brand","embeddable":true,"href":"https:\/\/insertwp.com\/es\/wp-json\/wp\/v2\/product_brand?post=1370"},{"taxonomy":"product_cat","embeddable":true,"href":"https:\/\/insertwp.com\/es\/wp-json\/wp\/v2\/product_cat?post=1370"},{"taxonomy":"product_tag","embeddable":true,"href":"https:\/\/insertwp.com\/es\/wp-json\/wp\/v2\/product_tag?post=1370"}],"curies":[{"name":"wp","href":"https:\/\/api.w.org\/{rel}","templated":true}]}}