{"id":1582,"date":"2024-04-13T21:30:46","date_gmt":"2024-04-13T21:30:46","guid":{"rendered":"https:\/\/insertwp.com\/?post_type=product&#038;p=1582"},"modified":"2025-10-21T13:24:48","modified_gmt":"2025-10-21T13:24:48","slug":"woocommerce-subscriptions-download-wordpress-plugin","status":"publish","type":"product","link":"https:\/\/insertwp.com\/es\/producto\/woocommerce-subscriptions-download-wordpress-plugin\/","title":{"rendered":"woocommerce subscriptions download wordPress plugin"},"content":{"rendered":"<h3>Las suscripciones a WooCommerce obtienen ingresos residuales con pagos recurrentes<\/h3>\n<p>&nbsp;<\/p>\n<p>\u00bfPuedes garantizar cu\u00e1nto dinero ganar\u00e1 tu tienda este mes? Si ofreciera productos basados \u200b\u200ben suscripci\u00f3n, podr\u00eda hacer precisamente eso.<\/p>\n<p>Con <em>WooCommerce Subscriptions<\/em>, puede crear y administrar productos con pagos recurrentes, pagos que le proporcionar\u00e1n un ingreso residual que podr\u00e1 rastrear y en el que podr\u00e1 confiar.<\/p>\n<p>WooCommerce Subscriptions le permiten configurar una variedad de suscripciones para productos y servicios f\u00edsicos o virtuales. Cree clubes de productos del mes, suscripciones de servicios semanales o incluso paquetes de facturaci\u00f3n de software anuales. Agregue tarifas de registro, ofrezca pruebas gratuitas o establezca per\u00edodos de vencimiento.<\/p>\n<p>Un modelo basado en suscripci\u00f3n le permitir\u00e1 obtener m\u00e1s ingresos residuales y todo lo que necesita hacer es cumplir con los pedidos.<\/p>\n<p>Por que usar <strong>WooCommerce Subscriptions<\/strong>M\u00faltiples programas de facturaci\u00f3n disponibles para satisfacer las necesidades de su tienda Integraci\u00f3n con m\u00e1s de 25 pasarelas de pago para pagos recurrentes autom\u00e1ticos Admite pagos de renovaci\u00f3n manual a trav\u00e9s de cualquier pasarela de pago WooCommerce, junto con facturas y recibos autom\u00e1ticos por correo electr\u00f3nico Admite reintentos autom\u00e1ticos en caso de falla en el pago de la suscripci\u00f3n, para que nunca perder ingresos Brinde a los suscriptores la posibilidad de administrar su propio plan, incluidas actualizaciones o degradaciones, sin necesidad de esperar su asistencia. Las notificaciones de renovaci\u00f3n integradas y los correos electr\u00f3nicos automatizados le permiten a usted y a sus clientes saber cu\u00e1ndo se han procesado los pagos de suscripci\u00f3n, para que nunca haya sorpresas. Los informes detallados le permiten realizar un seguimiento de los ingresos recurrentes, la cantidad de suscriptores activos y m\u00e1s <strong>WooCommerce Subscriptions<\/strong> Features Free Trials and Sign-up Fees<\/p>\n<p>Cobre un monto inicial para cubrir los costos de instalaci\u00f3n para el cliente o permita que los clientes prueben antes de comprar agregando tarifas de registro y pruebas gratuitas a cualquier producto de suscripci\u00f3n.<\/p>\n<p>Gesti\u00f3n de suscripciones<\/p>\n<p>Los propietarios de tiendas obtienen una gesti\u00f3n completa de las suscripciones a trav\u00e9s de la pantalla Administrador de WooCommerce &gt; Editar suscripci\u00f3n. Puede suspender o cancelar una suscripci\u00f3n, cambiar el vencimiento de la prueba, agregar art\u00edculos, env\u00edos, tarifas o impuestos a la suscripci\u00f3n, o modificar el total recurrente para pagos futuros.<\/p>\n<p>Pagos sincronizados<\/p>\n<p>Si desea realizar env\u00edos solo en determinados d\u00edas del mes o alinear a todos los clientes con el mismo per\u00edodo de suscripci\u00f3n anual, puede hacerlo con el <strong>WooCommerce Subscriptions<\/strong> funci\u00f3n de sincronizaci\u00f3n de renovaci\u00f3n. Incluso puedes prorratear el primer pago de una compra de suscripci\u00f3n sincronizada.<\/p>\n<p>Opciones de productos flexibles<\/p>\n<p>Al crear un producto de suscripci\u00f3n, puede hacer que el producto sea descargable, virtual o f\u00edsico, cobrar pagos de renovaci\u00f3n semanales, mensuales o anuales, limitar el producto a uno por cliente e incluso cobrar el env\u00edo solo en el pedido inicial.<\/p>\n<p>Cupones de suscripci\u00f3n<\/p>\n<p>Ofrezca a los clientes un descuento en sus tarifas mensuales o solo en la tarifa de alta. Las suscripciones incluyen cupones de descuento recurrentes y cupones de tarifa de inscripci\u00f3n.<\/p>\n<p>M\u00faltiples suscripciones<\/p>\n<p>Sus clientes tambi\u00e9n pueden comprar diferentes productos de suscripci\u00f3n en la misma transacci\u00f3n, y las Suscripciones agrupar\u00e1n productos para reducir las tarifas de la pasarela de pago y los gastos log\u00edsticos para sus futuras renovaciones.<\/p>\n<p>Correos electr\u00f3nicos de clientes<\/p>\n<p><strong>WooCommerce Subscriptions<\/strong> notifica autom\u00e1ticamente a los clientes cuando se procesa un pago de renovaci\u00f3n de suscripci\u00f3n, se cancela una suscripci\u00f3n o cuando una suscripci\u00f3n ha caducado con correos electr\u00f3nicos de suscripci\u00f3n integrados.<\/p>","protected":false},"excerpt":{"rendered":"<p>WooCommerce Subscriptions Earn Residual Income with Recurring Payments &nbsp; Can you guarantee how much money your store will make this month? If you offered subscription-based products, you could do just that. With WooCommerce Subscriptions, you can create and manage products with recurring payments \u2013 payments that will provide a residual income that you can track [&hellip;]<\/p>","protected":false},"featured_media":1584,"comment_status":"open","ping_status":"closed","template":"","meta":{"site-sidebar-layout":"default","site-content-layout":"","ast-site-content-layout":"default","site-content-style":"default","site-sidebar-style":"default","ast-global-header-display":"","ast-banner-title-visibility":"","ast-main-header-display":"","ast-hfb-above-header-display":"","ast-hfb-below-header-display":"","ast-hfb-mobile-header-display":"","site-post-title":"","ast-breadcrumbs-content":"","ast-featured-img":"","footer-sml-layout":"","theme-transparent-header-meta":"default","adv-header-id-meta":"","stick-header-meta":"","header-above-stick-meta":"","header-main-stick-meta":"","header-below-stick-meta":"","astra-migrate-meta-layouts":"set","ast-page-background-enabled":"default","ast-page-background-meta":{"desktop":{"background-color":"","background-image":"","background-repeat":"repeat","background-position":"center center","background-size":"auto","background-attachment":"scroll","background-type":"","background-media":"","overlay-type":"","overlay-color":"","overlay-opacity":"","overlay-gradient":""},"tablet":{"background-color":"","background-image":"","background-repeat":"repeat","background-position":"center center","background-size":"auto","background-attachment":"scroll","background-type":"","background-media":"","overlay-type":"","overlay-color":"","overlay-opacity":"","overlay-gradient":""},"mobile":{"background-color":"","background-image":"","background-repeat":"repeat","background-position":"center center","background-size":"auto","background-attachment":"scroll","background-type":"","background-media":"","overlay-type":"","overlay-color":"","overlay-opacity":"","overlay-gradient":""}},"ast-content-background-meta":{"desktop":{"background-color":"var(--ast-global-color-5)","background-image":"","background-repeat":"repeat","background-position":"center center","background-size":"auto","background-attachment":"scroll","background-type":"","background-media":"","overlay-type":"","overlay-color":"","overlay-opacity":"","overlay-gradient":""},"tablet":{"background-color":"var(--ast-global-color-5)","background-image":"","background-repeat":"repeat","background-position":"center center","background-size":"auto","background-attachment":"scroll","background-type":"","background-media":"","overlay-type":"","overlay-color":"","overlay-opacity":"","overlay-gradient":""},"mobile":{"background-color":"var(--ast-global-color-5)","background-image":"","background-repeat":"repeat","background-position":"center center","background-size":"auto","background-attachment":"scroll","background-type":"","background-media":"","overlay-type":"","overlay-color":"","overlay-opacity":"","overlay-gradient":""}}},"product_brand":[],"product_cat":[28],"product_tag":[],"class_list":{"0":"post-1582","1":"product","2":"type-product","3":"status-publish","4":"has-post-thumbnail","6":"product_cat-plugin","7":"desktop-align-left","8":"tablet-align-left","9":"mobile-align-left","11":"first","12":"instock","13":"downloadable","14":"virtual","15":"purchasable","16":"product-type-simple"},"_links":{"self":[{"href":"https:\/\/insertwp.com\/es\/wp-json\/wp\/v2\/product\/1582","targetHints":{"allow":["GET"]}}],"collection":[{"href":"https:\/\/insertwp.com\/es\/wp-json\/wp\/v2\/product"}],"about":[{"href":"https:\/\/insertwp.com\/es\/wp-json\/wp\/v2\/types\/product"}],"replies":[{"embeddable":true,"href":"https:\/\/insertwp.com\/es\/wp-json\/wp\/v2\/comments?post=1582"}],"wp:featuredmedia":[{"embeddable":true,"href":"https:\/\/insertwp.com\/es\/wp-json\/wp\/v2\/media\/1584"}],"wp:attachment":[{"href":"https:\/\/insertwp.com\/es\/wp-json\/wp\/v2\/media?parent=1582"}],"wp:term":[{"taxonomy":"product_brand","embeddable":true,"href":"https:\/\/insertwp.com\/es\/wp-json\/wp\/v2\/product_brand?post=1582"},{"taxonomy":"product_cat","embeddable":true,"href":"https:\/\/insertwp.com\/es\/wp-json\/wp\/v2\/product_cat?post=1582"},{"taxonomy":"product_tag","embeddable":true,"href":"https:\/\/insertwp.com\/es\/wp-json\/wp\/v2\/product_tag?post=1582"}],"curies":[{"name":"wp","href":"https:\/\/api.w.org\/{rel}","templated":true}]}}