{"id":1623,"date":"2024-08-04T12:50:06","date_gmt":"2024-08-04T12:50:06","guid":{"rendered":"https:\/\/insertwp.com\/?post_type=product&#038;p=1623"},"modified":"2025-07-12T12:49:49","modified_gmt":"2025-07-12T12:49:49","slug":"woo-default-password-checkout","status":"publish","type":"product","link":"https:\/\/insertwp.com\/es\/producto\/woo-default-password-checkout\/","title":{"rendered":"Woo Default Password Checkout"},"content":{"rendered":"<h4><strong>Woo Default Password Checkout<\/strong><\/h4>\n<p>es un complemento dise\u00f1ado para simplificar la experiencia del usuario al completar una compra en WooCommerce. Est\u00e1 dise\u00f1ado para generar autom\u00e1ticamente una contrase\u00f1a predeterminada cuando el cliente completa la compra, permitiendo al usuario iniciar sesi\u00f3n autom\u00e1ticamente sin necesidad de ingresar una nueva contrase\u00f1a.<\/p>\n<p>Esta funcionalidad del complemento es extremadamente \u00fatil para eliminar el deseo del cliente de crear una nueva contrase\u00f1a, lo que puede ser un proceso frustrante y desalentador para muchos usuarios. Con el pago con contrase\u00f1a predeterminada de Woo, el cliente puede finalizar la compra y acceder a su cuenta inmediatamente sin ning\u00fan obst\u00e1culo.<\/p>\n<p>Adem\u00e1s, el complemento es altamente personalizable. Aunque se genera autom\u00e1ticamente una contrase\u00f1a predeterminada, el propietario del sitio puede cambiar esta contrase\u00f1a por cualquier otra contrase\u00f1a que desee. Esto significa que el propietario del sitio puede controlar la seguridad de las cuentas de sus clientes, garantizando que las contrase\u00f1as sean s\u00f3lidas y seguras.<\/p>\n<p>Una de las principales ventajas de Woo Default Password Checkout es que ahorra tiempo tanto al cliente como al propietario del sitio. Sin la necesidad de crear e ingresar una nueva contrase\u00f1a, el proceso de pago se acelera y simplifica. Esto puede generar una tasa de conversi\u00f3n m\u00e1s alta, ya que es menos probable que los clientes abandonen su compra debido a problemas de inicio de sesi\u00f3n o contrase\u00f1a.<\/p>\n<p>Adem\u00e1s de las funcionalidades ya mencionadas, Woo Default Password Checkout tambi\u00e9n ofrece una integraci\u00f3n perfecta con otros complementos de seguridad, lo que permite una capa adicional de protecci\u00f3n para las cuentas de usuario. El complemento presenta una interfaz f\u00e1cil de usar y es f\u00e1cil de configurar, lo que permite que incluso los propietarios de sitios con poca experiencia t\u00e9cnica aprovechen sus funcionalidades.<\/p>\n<p>Adem\u00e1s, el complemento admite varios idiomas, lo que lo convierte en una opci\u00f3n ideal para tiendas que atienden a una audiencia global. Tambi\u00e9n es compatible con la mayor\u00eda de los temas de WordPress, asegurando que su implementaci\u00f3n no causa conflictos visuales o funcionales. Finalmente, Woo Default Password Checkout recibe actualizaciones peri\u00f3dicas, lo que garantiza que siga siendo seguro y eficiente a medida que se lanzan nuevas versiones de WooCommerce y WordPress.<\/p>\n<p><strong>Ventajas de utilizar un complemento que crea un usuario con una contrase\u00f1a predeterminada al comprar en WooCommerce<\/strong><\/p>\n<p>La implementaci\u00f3n de un complemento que genera autom\u00e1ticamente una contrase\u00f1a predeterminada para los nuevos usuarios al completar una compra en WooCommerce brinda varias ventajas importantes tanto para los clientes como para los propietarios de tiendas. A continuaci\u00f3n, destacamos los principales beneficios de esta funcionalidad:<\/p>\n<h4>1. <strong>Facilidad de uso y mayor conversi\u00f3n<\/strong><\/h4>\n<p>Una de las principales ventajas es la sencillez que aporta al usuario. Al no requerir que el cliente cree manualmente una contrase\u00f1a, el proceso de pago se vuelve m\u00e1s r\u00e1pido y menos complicado. Esto reduce la frustraci\u00f3n y el abandono durante el proceso de pago, aumentando la tasa de conversi\u00f3n e impulsando las ventas.<\/p>\n<h4>2. <strong>Experiencia de usuario mejorada<\/strong><\/h4>\n<p>La experiencia del usuario es clave para la retenci\u00f3n de clientes. Con el inicio de sesi\u00f3n autom\u00e1tico despu\u00e9s de la compra, los clientes pueden acceder a sus cuentas y a los detalles del pedido al instante y sin interrupciones. Esta comodidad crea una impresi\u00f3n positiva, fomentando futuras compras y fomentando la fidelidad.<\/p>\n<h4>3. <strong>Abandono de carrito reducido<\/strong><\/h4>\n<p>El abandono del carrito es un desaf\u00edo com\u00fan para las tiendas en l\u00ednea. Al simplificar el proceso de creaci\u00f3n de cuenta e inicio de sesi\u00f3n, los clientes tienen menos barreras para completar sus compras, lo que resulta en una reducci\u00f3n significativa del abandono del carrito.<\/p>\n<h4>4. <strong>Seguridad y Control<\/strong><\/h4>\n<p>Aunque el complemento genera autom\u00e1ticamente una contrase\u00f1a predeterminada, los propietarios de las tiendas tienen la flexibilidad de personalizar esta contrase\u00f1a, asegur\u00e1ndose de que sea s\u00f3lida y segura. Esto proporciona control adicional sobre la seguridad de las cuentas de los clientes, protegi\u00e9ndolas contra el acceso no autorizado.<\/p>\n<h4>5. <strong>Integraci\u00f3n con complementos de seguridad<\/strong><\/h4>\n<p>La compatibilidad con otros complementos de seguridad agrega una capa adicional de protecci\u00f3n a las cuentas de usuario. Esto garantiza que, incluso con la facilidad de creaci\u00f3n de contrase\u00f1as, la seguridad de los datos del sitio y de los clientes no se vea comprometida.<\/p>\n<h4>6. <strong>Ahorro de tiempo<\/strong><\/h4>\n<p>Para los clientes, el ahorro de tiempo es crucial. Sin la necesidad de pensar e ingresar una contrase\u00f1a, el proceso de pago se simplifica. Para los propietarios de tiendas, esto significa menos soporte necesario para problemas relacionados con cuentas y contrase\u00f1as, lo que les permite centrarse en otras \u00e1reas comerciales.<\/p>\n<h4>7. <strong>Soporte multiling\u00fce<\/strong><\/h4>\n<p>La capacidad del complemento para admitir varios idiomas es ideal para tiendas que atienden a una audiencia global. Esto garantiza que los clientes de diferentes regiones puedan disfrutar de la misma facilidad y conveniencia, independientemente del idioma.<\/p>\n<h4>8. <strong>Compatibilidad con temas de WordPress<\/strong><\/h4>\n<p>El complemento est\u00e1 desarrollado para ser compatible con la mayor\u00eda de los temas de WordPress. Esto significa que su implementaci\u00f3n no provocar\u00e1 problemas visuales ni funcionales, manteniendo intacta la est\u00e9tica y usabilidad de la tienda online.<\/p>\n<h4>9. <strong>Actualizaciones peri\u00f3dicas<\/strong><\/h4>\n<p>Mantener el complemento actualizado es crucial para garantizar su eficiencia y seguridad. Woo Default Password Checkout recibe actualizaciones peri\u00f3dicas, lo que garantiza que siga siendo compatible con nuevas versiones de WooCommerce y WordPress al tiempo que incorpora mejoras continuas.<\/p>\n<h4>10. <strong>Fidelizaci\u00f3n del cliente mejorada<\/strong><\/h4>\n<p>Ofrecer un proceso de pago sin fricciones y una experiencia de inicio de sesi\u00f3n simplificada contribuye significativamente a la satisfacci\u00f3n del cliente. Es m\u00e1s probable que los clientes satisfechos regresen, recomienden la tienda a otros y creen un ciclo de lealtad y crecimiento comercial.<\/p>\n<h4>Conclusi\u00f3n<\/h4>\n<p>Usar un complemento que crea autom\u00e1ticamente un usuario con una contrase\u00f1a predeterminada al comprar en WooCommerce es una estrategia inteligente para mejorar la experiencia del cliente, aumentar la conversi\u00f3n y garantizar la seguridad de la cuenta. La combinaci\u00f3n de facilidad de uso, seguridad, ahorro de tiempo y compatibilidad con otros sistemas hace de este complemento una herramienta indispensable para cualquier tienda en l\u00ednea que busque crecer y prosperar en el competitivo mercado del comercio electr\u00f3nico.<\/p>\n<p>C\u00f3mo crear un usuario en WordPress al comprar un producto en WooCommerce con una contrase\u00f1a predeterminada, complemento de contrase\u00f1a predeterminada de WooCommerce, crear un usuario autom\u00e1ticamente en WooCommerce, contrase\u00f1a predeterminada en WooCommerce, generar autom\u00e1ticamente una contrase\u00f1a predeterminada al comprar un producto en WooCommerce en WordPress<\/p>","protected":false},"excerpt":{"rendered":"<p>Woo Default Password Checkout is a plugin designed to simplify the user experience when completing a purchase on WooCommerce. It is designed to automatically generate a default password when the customer completes the purchase, allowing the user to log in automatically without the need to enter a new password. This plugin functionality is extremely useful [&hellip;]<\/p>","protected":false},"featured_media":1628,"comment_status":"open","ping_status":"closed","template":"","meta":{"site-sidebar-layout":"default","site-content-layout":"","ast-site-content-layout":"default","site-content-style":"default","site-sidebar-style":"default","ast-global-header-display":"","ast-banner-title-visibility":"","ast-main-header-display":"","ast-hfb-above-header-display":"","ast-hfb-below-header-display":"","ast-hfb-mobile-header-display":"","site-post-title":"","ast-breadcrumbs-content":"","ast-featured-img":"","footer-sml-layout":"","theme-transparent-header-meta":"default","adv-header-id-meta":"","stick-header-meta":"","header-above-stick-meta":"","header-main-stick-meta":"","header-below-stick-meta":"","astra-migrate-meta-layouts":"set","ast-page-background-enabled":"default","ast-page-background-meta":{"desktop":{"background-color":"","background-image":"","background-repeat":"repeat","background-position":"center center","background-size":"auto","background-attachment":"scroll","background-type":"","background-media":"","overlay-type":"","overlay-color":"","overlay-opacity":"","overlay-gradient":""},"tablet":{"background-color":"","background-image":"","background-repeat":"repeat","background-position":"center center","background-size":"auto","background-attachment":"scroll","background-type":"","background-media":"","overlay-type":"","overlay-color":"","overlay-opacity":"","overlay-gradient":""},"mobile":{"background-color":"","background-image":"","background-repeat":"repeat","background-position":"center center","background-size":"auto","background-attachment":"scroll","background-type":"","background-media":"","overlay-type":"","overlay-color":"","overlay-opacity":"","overlay-gradient":""}},"ast-content-background-meta":{"desktop":{"background-color":"var(--ast-global-color-5)","background-image":"","background-repeat":"repeat","background-position":"center center","background-size":"auto","background-attachment":"scroll","background-type":"","background-media":"","overlay-type":"","overlay-color":"","overlay-opacity":"","overlay-gradient":""},"tablet":{"background-color":"var(--ast-global-color-5)","background-image":"","background-repeat":"repeat","background-position":"center center","background-size":"auto","background-attachment":"scroll","background-type":"","background-media":"","overlay-type":"","overlay-color":"","overlay-opacity":"","overlay-gradient":""},"mobile":{"background-color":"var(--ast-global-color-5)","background-image":"","background-repeat":"repeat","background-position":"center center","background-size":"auto","background-attachment":"scroll","background-type":"","background-media":"","overlay-type":"","overlay-color":"","overlay-opacity":"","overlay-gradient":""}}},"product_brand":[],"product_cat":[28],"product_tag":[],"class_list":{"0":"post-1623","1":"product","2":"type-product","3":"status-publish","4":"has-post-thumbnail","6":"product_cat-plugin","7":"desktop-align-left","8":"tablet-align-left","9":"mobile-align-left","11":"first","12":"instock","13":"downloadable","14":"virtual","15":"purchasable","16":"product-type-simple"},"_links":{"self":[{"href":"https:\/\/insertwp.com\/es\/wp-json\/wp\/v2\/product\/1623","targetHints":{"allow":["GET"]}}],"collection":[{"href":"https:\/\/insertwp.com\/es\/wp-json\/wp\/v2\/product"}],"about":[{"href":"https:\/\/insertwp.com\/es\/wp-json\/wp\/v2\/types\/product"}],"replies":[{"embeddable":true,"href":"https:\/\/insertwp.com\/es\/wp-json\/wp\/v2\/comments?post=1623"}],"wp:featuredmedia":[{"embeddable":true,"href":"https:\/\/insertwp.com\/es\/wp-json\/wp\/v2\/media\/1628"}],"wp:attachment":[{"href":"https:\/\/insertwp.com\/es\/wp-json\/wp\/v2\/media?parent=1623"}],"wp:term":[{"taxonomy":"product_brand","embeddable":true,"href":"https:\/\/insertwp.com\/es\/wp-json\/wp\/v2\/product_brand?post=1623"},{"taxonomy":"product_cat","embeddable":true,"href":"https:\/\/insertwp.com\/es\/wp-json\/wp\/v2\/product_cat?post=1623"},{"taxonomy":"product_tag","embeddable":true,"href":"https:\/\/insertwp.com\/es\/wp-json\/wp\/v2\/product_tag?post=1623"}],"curies":[{"name":"wp","href":"https:\/\/api.w.org\/{rel}","templated":true}]}}