{"id":1237,"date":"2023-06-12T19:23:52","date_gmt":"2023-06-12T19:23:52","guid":{"rendered":"https:\/\/insertwp.com\/?post_type=product&#038;p=1237"},"modified":"2024-04-15T14:46:57","modified_gmt":"2024-04-15T14:46:57","slug":"uncanny-automator-pro","status":"publish","type":"product","link":"https:\/\/insertwp.com\/fr\/produit\/uncanny-automator-pro\/","title":{"rendered":"Uncanny automator pro"},"content":{"rendered":"<h4>Le plugin Uncanny Automator Pro est une solution puissante pour am\u00e9liorer la fonctionnalit\u00e9 et l'efficacit\u00e9 de votre site Web ou blog WordPress. Avec un large \u00e9ventail de fonctionnalit\u00e9s et d'int\u00e9grations, Uncanny Automator Pro vous permet d'automatiser les t\u00e2ches et les flux de travail, ce qui vous fait gagner un temps pr\u00e9cieux et offre une exp\u00e9rience am\u00e9lior\u00e9e aux administrateurs du site et aux visiteurs.<\/h4>\n<p>&nbsp;<\/p>\n<p>Voici quelques avantages cl\u00e9s de l'achat du plugin Uncanny Automator Pro :<\/p>\n<p>Automatisation des t\u00e2ches : Avec Uncanny Automator Pro, vous pouvez automatiser une vari\u00e9t\u00e9 de t\u00e2ches et de processus sur votre site WordPress. Des actions simples telles que l'envoi d'e-mails de bienvenue ou de notifications \u00e0 des t\u00e2ches plus complexes telles que la cr\u00e9ation d'utilisateurs personnalis\u00e9s en fonction d'\u00e9v\u00e9nements sp\u00e9cifiques, le plug-in vous permet d'automatiser pratiquement tout.<\/p>\n<p>Int\u00e9grations puissantes : Uncanny Automator Pro offre une large gamme d'int\u00e9grations avec d'autres plugins et services populaires. Cela signifie que vous pouvez facilement connecter diff\u00e9rentes parties de votre site, telles que les formulaires de contact, les plugins de commerce \u00e9lectronique, les syst\u00e8mes d'apprentissage en ligne, etc. Ces int\u00e9grations vous permettent de cr\u00e9er des flux de travail automatis\u00e9s et de connecter diff\u00e9rentes parties de votre site sans avoir besoin d'un codage complexe.<\/p>\n<p>Flexibilit\u00e9 et personnalisation : Le plugin Uncanny Automator Pro fournit une interface intuitive et conviviale qui vous permet de cr\u00e9er des flux de travail personnalis\u00e9s en fonction de vos besoins sp\u00e9cifiques. Avec une grande vari\u00e9t\u00e9 de d\u00e9clencheurs, d'actions et de conditions disponibles, vous pouvez personnaliser les automatisations en fonction des caract\u00e9ristiques uniques de votre site et de votre public cible.<\/p>\n<p>En r\u00e9sum\u00e9, Uncanny Automator Pro est une solution compl\u00e8te et puissante pour automatiser les t\u00e2ches et am\u00e9liorer les fonctionnalit\u00e9s de votre site WordPress.<\/p>","protected":false},"excerpt":{"rendered":"<p>The Uncanny Automator Pro plugin is a powerful solution for enhancing the functionality and efficiency of your WordPress website or blog. With a wide range of features and integrations, Uncanny Automator Pro allows you to automate tasks and workflows, saving valuable time and providing an enhanced experience for both site administrators and visitors. &nbsp; Here [&hellip;]<\/p>","protected":false},"featured_media":1239,"comment_status":"open","ping_status":"closed","template":"","meta":{"site-sidebar-layout":"default","site-content-layout":"default","ast-site-content-layout":"default","site-content-style":"default","site-sidebar-style":"default","ast-global-header-display":"","ast-banner-title-visibility":"","ast-main-header-display":"","ast-hfb-above-header-display":"","ast-hfb-below-header-display":"","ast-hfb-mobile-header-display":"","site-post-title":"","ast-breadcrumbs-content":"","ast-featured-img":"","footer-sml-layout":"","theme-transparent-header-meta":"default","adv-header-id-meta":"","stick-header-meta":"","header-above-stick-meta":"","header-main-stick-meta":"","header-below-stick-meta":"","astra-migrate-meta-layouts":"set","ast-page-background-enabled":"default","ast-page-background-meta":{"desktop":{"background-color":"","background-image":"","background-repeat":"repeat","background-position":"center center","background-size":"auto","background-attachment":"scroll","background-type":"","background-media":"","overlay-type":"","overlay-color":"","overlay-opacity":"","overlay-gradient":""},"tablet":{"background-color":"","background-image":"","background-repeat":"repeat","background-position":"center center","background-size":"auto","background-attachment":"scroll","background-type":"","background-media":"","overlay-type":"","overlay-color":"","overlay-opacity":"","overlay-gradient":""},"mobile":{"background-color":"","background-image":"","background-repeat":"repeat","background-position":"center center","background-size":"auto","background-attachment":"scroll","background-type":"","background-media":"","overlay-type":"","overlay-color":"","overlay-opacity":"","overlay-gradient":""}},"ast-content-background-meta":{"desktop":{"background-color":"var(--ast-global-color-5)","background-image":"","background-repeat":"repeat","background-position":"center center","background-size":"auto","background-attachment":"scroll","background-type":"","background-media":"","overlay-type":"","overlay-color":"","overlay-opacity":"","overlay-gradient":""},"tablet":{"background-color":"var(--ast-global-color-5)","background-image":"","background-repeat":"repeat","background-position":"center center","background-size":"auto","background-attachment":"scroll","background-type":"","background-media":"","overlay-type":"","overlay-color":"","overlay-opacity":"","overlay-gradient":""},"mobile":{"background-color":"var(--ast-global-color-5)","background-image":"","background-repeat":"repeat","background-position":"center center","background-size":"auto","background-attachment":"scroll","background-type":"","background-media":"","overlay-type":"","overlay-color":"","overlay-opacity":"","overlay-gradient":""}}},"product_brand":[],"product_cat":[28],"product_tag":[],"class_list":{"0":"post-1237","1":"product","2":"type-product","3":"status-publish","4":"has-post-thumbnail","6":"product_cat-plugin","7":"desktop-align-left","8":"tablet-align-left","9":"mobile-align-left","11":"first","12":"instock","13":"downloadable","14":"virtual","15":"purchasable","16":"product-type-simple"},"_links":{"self":[{"href":"https:\/\/insertwp.com\/fr\/wp-json\/wp\/v2\/product\/1237","targetHints":{"allow":["GET"]}}],"collection":[{"href":"https:\/\/insertwp.com\/fr\/wp-json\/wp\/v2\/product"}],"about":[{"href":"https:\/\/insertwp.com\/fr\/wp-json\/wp\/v2\/types\/product"}],"replies":[{"embeddable":true,"href":"https:\/\/insertwp.com\/fr\/wp-json\/wp\/v2\/comments?post=1237"}],"wp:featuredmedia":[{"embeddable":true,"href":"https:\/\/insertwp.com\/fr\/wp-json\/wp\/v2\/media\/1239"}],"wp:attachment":[{"href":"https:\/\/insertwp.com\/fr\/wp-json\/wp\/v2\/media?parent=1237"}],"wp:term":[{"taxonomy":"product_brand","embeddable":true,"href":"https:\/\/insertwp.com\/fr\/wp-json\/wp\/v2\/product_brand?post=1237"},{"taxonomy":"product_cat","embeddable":true,"href":"https:\/\/insertwp.com\/fr\/wp-json\/wp\/v2\/product_cat?post=1237"},{"taxonomy":"product_tag","embeddable":true,"href":"https:\/\/insertwp.com\/fr\/wp-json\/wp\/v2\/product_tag?post=1237"}],"curies":[{"name":"wp","href":"https:\/\/api.w.org\/{rel}","templated":true}]}}