{"id":1278,"date":"2023-06-12T20:27:07","date_gmt":"2023-06-12T20:27:07","guid":{"rendered":"https:\/\/insertwp.com\/?post_type=product&#038;p=1278"},"modified":"2025-09-09T12:42:28","modified_gmt":"2025-09-09T12:42:28","slug":"tutor-lms-pro-wordpress-plugin","status":"publish","type":"product","link":"https:\/\/insertwp.com\/fr\/produit\/tutor-lms-pro-wordpress-plugin\/","title":{"rendered":"Tutor LMS PRo WordPress Plugin"},"content":{"rendered":"<h5>Le plugin Tutor LMS Pro est une solution compl\u00e8te et puissante pour cr\u00e9er et g\u00e9rer des cours en ligne, offrant un large \u00e9ventail d'avantages et de fonctionnalit\u00e9s uniques.<\/h5>\n<p>&nbsp;<\/p>\n<p>Avec Tutor LMS Pro, vous pouvez facilement transformer votre site Web WordPress en une plateforme d'apprentissage interactive et engageante.<\/p>\n<p>L'un des principaux avantages de Tutor LMS Pro est sa simplicit\u00e9 d'utilisation. Avec une interface intuitive et conviviale, vous pouvez cr\u00e9er et personnaliser rapidement et facilement des cours, m\u00eame sans connaissances avanc\u00e9es en programmation. Le plugin propose une vari\u00e9t\u00e9 de mod\u00e8les de cours pr\u00e9d\u00e9finis, vous permettant de commencer imm\u00e9diatement \u00e0 partager vos connaissances avec les \u00e9tudiants.<\/p>\n<p>De plus, Tutor LMS Pro fournit un ensemble complet de fonctionnalit\u00e9s avanc\u00e9es pour am\u00e9liorer l'exp\u00e9rience d'apprentissage. Vous pouvez cr\u00e9er diff\u00e9rents types de contenu, tels que des le\u00e7ons vid\u00e9o, des documents, des quiz, etc. Le syst\u00e8me d'\u00e9valuation et de r\u00e9troaction vous permet de suivre les progr\u00e8s des \u00e9l\u00e8ves et de fournir des commentaires personnalis\u00e9s pour am\u00e9liorer leurs performances.<\/p>\n<p>Un autre avantage majeur de Tutor LMS Pro est son int\u00e9gration transparente avec d'autres plugins et services populaires. Vous pouvez facilement connecter votre site Web WordPress \u00e0 des passerelles de paiement, des plateformes de marketing par e-mail et des syst\u00e8mes CRM, permettant une exp\u00e9rience d'apprentissage personnalis\u00e9e et automatis\u00e9e.<\/p>","protected":false},"excerpt":{"rendered":"<p>The Tutor LMS Pro plugin is a comprehensive and powerful solution for creating and managing online courses, offering a wide range of advantages and unique features. &nbsp; With Tutor LMS Pro, you can easily transform your WordPress website into an interactive and engaging learning platform. One of the biggest advantages of Tutor LMS Pro is [&hellip;]<\/p>","protected":false},"featured_media":1280,"comment_status":"open","ping_status":"closed","template":"","meta":{"site-sidebar-layout":"default","site-content-layout":"default","ast-site-content-layout":"default","site-content-style":"default","site-sidebar-style":"default","ast-global-header-display":"","ast-banner-title-visibility":"","ast-main-header-display":"","ast-hfb-above-header-display":"","ast-hfb-below-header-display":"","ast-hfb-mobile-header-display":"","site-post-title":"","ast-breadcrumbs-content":"","ast-featured-img":"","footer-sml-layout":"","theme-transparent-header-meta":"default","adv-header-id-meta":"","stick-header-meta":"","header-above-stick-meta":"","header-main-stick-meta":"","header-below-stick-meta":"","astra-migrate-meta-layouts":"set","ast-page-background-enabled":"default","ast-page-background-meta":{"desktop":{"background-color":"","background-image":"","background-repeat":"repeat","background-position":"center center","background-size":"auto","background-attachment":"scroll","background-type":"","background-media":"","overlay-type":"","overlay-color":"","overlay-opacity":"","overlay-gradient":""},"tablet":{"background-color":"","background-image":"","background-repeat":"repeat","background-position":"center center","background-size":"auto","background-attachment":"scroll","background-type":"","background-media":"","overlay-type":"","overlay-color":"","overlay-opacity":"","overlay-gradient":""},"mobile":{"background-color":"","background-image":"","background-repeat":"repeat","background-position":"center center","background-size":"auto","background-attachment":"scroll","background-type":"","background-media":"","overlay-type":"","overlay-color":"","overlay-opacity":"","overlay-gradient":""}},"ast-content-background-meta":{"desktop":{"background-color":"var(--ast-global-color-5)","background-image":"","background-repeat":"repeat","background-position":"center center","background-size":"auto","background-attachment":"scroll","background-type":"","background-media":"","overlay-type":"","overlay-color":"","overlay-opacity":"","overlay-gradient":""},"tablet":{"background-color":"var(--ast-global-color-5)","background-image":"","background-repeat":"repeat","background-position":"center center","background-size":"auto","background-attachment":"scroll","background-type":"","background-media":"","overlay-type":"","overlay-color":"","overlay-opacity":"","overlay-gradient":""},"mobile":{"background-color":"var(--ast-global-color-5)","background-image":"","background-repeat":"repeat","background-position":"center center","background-size":"auto","background-attachment":"scroll","background-type":"","background-media":"","overlay-type":"","overlay-color":"","overlay-opacity":"","overlay-gradient":""}}},"product_brand":[],"product_cat":[28],"product_tag":[],"class_list":{"0":"post-1278","1":"product","2":"type-product","3":"status-publish","4":"has-post-thumbnail","6":"product_cat-plugin","7":"desktop-align-left","8":"tablet-align-left","9":"mobile-align-left","11":"first","12":"instock","13":"downloadable","14":"virtual","15":"purchasable","16":"product-type-simple"},"_links":{"self":[{"href":"https:\/\/insertwp.com\/fr\/wp-json\/wp\/v2\/product\/1278","targetHints":{"allow":["GET"]}}],"collection":[{"href":"https:\/\/insertwp.com\/fr\/wp-json\/wp\/v2\/product"}],"about":[{"href":"https:\/\/insertwp.com\/fr\/wp-json\/wp\/v2\/types\/product"}],"replies":[{"embeddable":true,"href":"https:\/\/insertwp.com\/fr\/wp-json\/wp\/v2\/comments?post=1278"}],"wp:featuredmedia":[{"embeddable":true,"href":"https:\/\/insertwp.com\/fr\/wp-json\/wp\/v2\/media\/1280"}],"wp:attachment":[{"href":"https:\/\/insertwp.com\/fr\/wp-json\/wp\/v2\/media?parent=1278"}],"wp:term":[{"taxonomy":"product_brand","embeddable":true,"href":"https:\/\/insertwp.com\/fr\/wp-json\/wp\/v2\/product_brand?post=1278"},{"taxonomy":"product_cat","embeddable":true,"href":"https:\/\/insertwp.com\/fr\/wp-json\/wp\/v2\/product_cat?post=1278"},{"taxonomy":"product_tag","embeddable":true,"href":"https:\/\/insertwp.com\/fr\/wp-json\/wp\/v2\/product_tag?post=1278"}],"curies":[{"name":"wp","href":"https:\/\/api.w.org\/{rel}","templated":true}]}}