{"id":1343,"date":"2023-06-17T12:41:36","date_gmt":"2023-06-17T12:41:36","guid":{"rendered":"https:\/\/insertwp.com\/?post_type=product&#038;p=1343"},"modified":"2023-06-17T12:41:36","modified_gmt":"2023-06-17T12:41:36","slug":"ultimate-affiliate-pro-plugin","status":"publish","type":"product","link":"https:\/\/insertwp.com\/fr\/produit\/ultimate-affiliate-pro-plugin\/","title":{"rendered":"Ultimate Affiliate Pro Plugin"},"content":{"rendered":"<h5>Vantage Plugin Ultimate Affiliate Pro est un puissant plugin WordPress qui fait passer votre marketing d'affiliation au niveau sup\u00e9rieur.<\/h5>\n<p>&nbsp;<\/p>\n<p>Avec ses fonctionnalit\u00e9s robustes et son int\u00e9gration transparente, il vous permet de cr\u00e9er et de g\u00e9rer sans effort un programme d'affiliation tr\u00e8s efficace sur votre site Web.<\/p>\n<p>Ce plugin fournit une interface intuitive, ce qui permet aux utilisateurs de tous niveaux de naviguer et d'utiliser facilement sa vaste gamme d'options. Vous pouvez recruter, suivre et motiver des affili\u00e9s avec pr\u00e9cision, en garantissant un engagement maximal et en g\u00e9n\u00e9rant plus de ventes pour votre entreprise.<\/p>\n<p><strong>Ultimate Affiliate Pro<\/strong> propose diverses structures de commission, vous permettant de r\u00e9compenser les affili\u00e9s en fonction de leurs performances. Que vous pr\u00e9f\u00e9riez des taux forfaitaires, des commissions bas\u00e9es sur un pourcentage ou des incitations \u00e0 plusieurs niveaux, ce plugin vous donne la possibilit\u00e9 de configurer le syst\u00e8me de commission id\u00e9al pour vos besoins sp\u00e9cifiques.<\/p>\n<p>De plus, les outils de marketing inclus dans <em>Ultimate Affiliate Pro<\/em> vous permettent de cr\u00e9er des banni\u00e8res, du mat\u00e9riel promotionnel et des pages de destination accrocheurs. Cela augmente la visibilit\u00e9 de vos offres d'affiliation et aide \u00e0 maximiser les taux de conversion, ce qui entra\u00eene une g\u00e9n\u00e9ration de revenus plus \u00e9lev\u00e9e.<\/p>\n<p>Le plugin s'int\u00e8gre de mani\u00e8re transparente aux passerelles de paiement populaires, aux plateformes de marketing par e-mail et \u00e0 d'autres services tiers, ce qui facilite la gestion de votre programme d'affiliation parall\u00e8lement \u00e0 votre infrastructure commerciale existante.<\/p>\n<p>Quelle que soit la taille de votre entreprise, Vantage Plugin <strong>Ultimate Affiliate Pro<\/strong> fournit une solution compl\u00e8te pour \u00e9tablir et d\u00e9velopper un programme d'affiliation r\u00e9ussi. En exploitant la puissance du marketing d'affiliation, vous pouvez \u00e9tendre la port\u00e9e de votre marque, augmenter les ventes et r\u00e9aliser une croissance commerciale remarquable.<\/p>","protected":false},"excerpt":{"rendered":"<p>Vantage Plugin Ultimate Affiliate Pro is a powerful WordPress plugin that takes your affiliate marketing to the next level. &nbsp; With its robust features and seamless integration, it empowers you to effortlessly create and manage a highly effective affiliate program on your website. This plugin provides an intuitive interface, making it easy for users of [&hellip;]<\/p>","protected":false},"featured_media":1345,"comment_status":"open","ping_status":"closed","template":"","meta":{"site-sidebar-layout":"default","site-content-layout":"default","ast-site-content-layout":"default","site-content-style":"default","site-sidebar-style":"default","ast-global-header-display":"","ast-banner-title-visibility":"","ast-main-header-display":"","ast-hfb-above-header-display":"","ast-hfb-below-header-display":"","ast-hfb-mobile-header-display":"","site-post-title":"","ast-breadcrumbs-content":"","ast-featured-img":"","footer-sml-layout":"","theme-transparent-header-meta":"default","adv-header-id-meta":"","stick-header-meta":"","header-above-stick-meta":"","header-main-stick-meta":"","header-below-stick-meta":"","astra-migrate-meta-layouts":"default","ast-page-background-enabled":"default","ast-page-background-meta":{"desktop":{"background-color":"","background-image":"","background-repeat":"repeat","background-position":"center center","background-size":"auto","background-attachment":"scroll","background-type":"","background-media":"","overlay-type":"","overlay-color":"","overlay-opacity":"","overlay-gradient":""},"tablet":{"background-color":"","background-image":"","background-repeat":"repeat","background-position":"center center","background-size":"auto","background-attachment":"scroll","background-type":"","background-media":"","overlay-type":"","overlay-color":"","overlay-opacity":"","overlay-gradient":""},"mobile":{"background-color":"","background-image":"","background-repeat":"repeat","background-position":"center center","background-size":"auto","background-attachment":"scroll","background-type":"","background-media":"","overlay-type":"","overlay-color":"","overlay-opacity":"","overlay-gradient":""}},"ast-content-background-meta":{"desktop":{"background-color":"var(--ast-global-color-5)","background-image":"","background-repeat":"repeat","background-position":"center center","background-size":"auto","background-attachment":"scroll","background-type":"","background-media":"","overlay-type":"","overlay-color":"","overlay-opacity":"","overlay-gradient":""},"tablet":{"background-color":"var(--ast-global-color-5)","background-image":"","background-repeat":"repeat","background-position":"center center","background-size":"auto","background-attachment":"scroll","background-type":"","background-media":"","overlay-type":"","overlay-color":"","overlay-opacity":"","overlay-gradient":""},"mobile":{"background-color":"var(--ast-global-color-5)","background-image":"","background-repeat":"repeat","background-position":"center center","background-size":"auto","background-attachment":"scroll","background-type":"","background-media":"","overlay-type":"","overlay-color":"","overlay-opacity":"","overlay-gradient":""}}},"product_brand":[],"product_cat":[28],"product_tag":[],"class_list":{"0":"post-1343","1":"product","2":"type-product","3":"status-publish","4":"has-post-thumbnail","6":"product_cat-plugin","7":"desktop-align-left","8":"tablet-align-left","9":"mobile-align-left","11":"first","12":"instock","13":"downloadable","14":"virtual","15":"purchasable","16":"product-type-simple"},"_links":{"self":[{"href":"https:\/\/insertwp.com\/fr\/wp-json\/wp\/v2\/product\/1343","targetHints":{"allow":["GET"]}}],"collection":[{"href":"https:\/\/insertwp.com\/fr\/wp-json\/wp\/v2\/product"}],"about":[{"href":"https:\/\/insertwp.com\/fr\/wp-json\/wp\/v2\/types\/product"}],"replies":[{"embeddable":true,"href":"https:\/\/insertwp.com\/fr\/wp-json\/wp\/v2\/comments?post=1343"}],"wp:featuredmedia":[{"embeddable":true,"href":"https:\/\/insertwp.com\/fr\/wp-json\/wp\/v2\/media\/1345"}],"wp:attachment":[{"href":"https:\/\/insertwp.com\/fr\/wp-json\/wp\/v2\/media?parent=1343"}],"wp:term":[{"taxonomy":"product_brand","embeddable":true,"href":"https:\/\/insertwp.com\/fr\/wp-json\/wp\/v2\/product_brand?post=1343"},{"taxonomy":"product_cat","embeddable":true,"href":"https:\/\/insertwp.com\/fr\/wp-json\/wp\/v2\/product_cat?post=1343"},{"taxonomy":"product_tag","embeddable":true,"href":"https:\/\/insertwp.com\/fr\/wp-json\/wp\/v2\/product_tag?post=1343"}],"curies":[{"name":"wp","href":"https:\/\/api.w.org\/{rel}","templated":true}]}}