{"id":1365,"date":"2023-06-17T13:15:03","date_gmt":"2023-06-17T13:15:03","guid":{"rendered":"https:\/\/insertwp.com\/?post_type=product&#038;p=1365"},"modified":"2024-08-03T23:32:38","modified_gmt":"2024-08-03T23:32:38","slug":"translatepress-pro-business-plugin","status":"publish","type":"product","link":"https:\/\/insertwp.com\/fr\/produit\/translatepress-pro-business-plugin\/","title":{"rendered":"Translatepress Pro Business Plugin"},"content":{"rendered":"<h5>Le plugin TranslatePress Pro Business est un outil de traduction professionnel et tr\u00e8s polyvalent con\u00e7u pour les sites Web visant \u00e0 offrir une exp\u00e9rience multilingue exceptionnelle \u00e0 leurs utilisateurs.<\/h5>\n<p>&nbsp;<\/p>\n<p>Avec des fonctionnalit\u00e9s avanc\u00e9es et une interface conviviale, TranslatePress Pro Business rationalise le processus de traduction et de localisation du contenu, vous permettant d'\u00e9tendre efficacement votre port\u00e9e mondiale.<\/p>\n<p>L'une des principales caract\u00e9ristiques de TranslatePress Pro Business est sa capacit\u00e9 \u00e0 traduire intuitivement et simplement tout le contenu de votre site Web. En quelques clics, vous pouvez traduire des pages, des publications, des widgets, des menus, des plugins et m\u00eame des cha\u00eenes de th\u00e8me, le tout sans quitter le tableau de bord WordPress. Cela rend la traduction de votre site Web rapide et pratique, ce qui vous permet d'\u00e9conomiser du temps et des efforts.<\/p>\n<p>De plus, le plugin offre un mode de traduction visuelle unique, vous permettant de pr\u00e9visualiser et de modifier les traductions en temps r\u00e9el, directement sur la page. Gr\u00e2ce \u00e0 cette fonctionnalit\u00e9, vous pouvez voir comment les traductions s'int\u00e8grent dans le contexte et effectuer des ajustements pr\u00e9cis pour garantir la qualit\u00e9 et l'exactitude du contenu traduit.<\/p>\n<p>TranslatePress Pro Business se distingue \u00e9galement par sa compatibilit\u00e9 avec un large \u00e9ventail de th\u00e8mes et de plugins populaires. Il prend en charge des th\u00e8mes complexes, des constructeurs de pages et des formulaires de contact, garantissant que la traduction est appliqu\u00e9e de mani\u00e8re coh\u00e9rente sur l'ensemble de votre site Web, quels que soient les plug-ins suppl\u00e9mentaires que vous utilisez.<\/p>","protected":false},"excerpt":{"rendered":"<p>TranslatePress Pro Business plugin is a professional and highly versatile translation tool designed for websites aiming to provide an exceptional multilingual experience to their users. &nbsp; With advanced features and a user-friendly interface, TranslatePress Pro Business streamlines the process of translating and localizing content, enabling you to effectively expand your global reach. One of the [&hellip;]<\/p>","protected":false},"featured_media":1369,"comment_status":"open","ping_status":"closed","template":"","meta":{"site-sidebar-layout":"default","site-content-layout":"default","ast-site-content-layout":"default","site-content-style":"default","site-sidebar-style":"default","ast-global-header-display":"","ast-banner-title-visibility":"","ast-main-header-display":"","ast-hfb-above-header-display":"","ast-hfb-below-header-display":"","ast-hfb-mobile-header-display":"","site-post-title":"","ast-breadcrumbs-content":"","ast-featured-img":"","footer-sml-layout":"","theme-transparent-header-meta":"default","adv-header-id-meta":"","stick-header-meta":"","header-above-stick-meta":"","header-main-stick-meta":"","header-below-stick-meta":"","astra-migrate-meta-layouts":"set","ast-page-background-enabled":"default","ast-page-background-meta":{"desktop":{"background-color":"","background-image":"","background-repeat":"repeat","background-position":"center center","background-size":"auto","background-attachment":"scroll","background-type":"","background-media":"","overlay-type":"","overlay-color":"","overlay-opacity":"","overlay-gradient":""},"tablet":{"background-color":"","background-image":"","background-repeat":"repeat","background-position":"center center","background-size":"auto","background-attachment":"scroll","background-type":"","background-media":"","overlay-type":"","overlay-color":"","overlay-opacity":"","overlay-gradient":""},"mobile":{"background-color":"","background-image":"","background-repeat":"repeat","background-position":"center center","background-size":"auto","background-attachment":"scroll","background-type":"","background-media":"","overlay-type":"","overlay-color":"","overlay-opacity":"","overlay-gradient":""}},"ast-content-background-meta":{"desktop":{"background-color":"var(--ast-global-color-5)","background-image":"","background-repeat":"repeat","background-position":"center center","background-size":"auto","background-attachment":"scroll","background-type":"","background-media":"","overlay-type":"","overlay-color":"","overlay-opacity":"","overlay-gradient":""},"tablet":{"background-color":"var(--ast-global-color-5)","background-image":"","background-repeat":"repeat","background-position":"center center","background-size":"auto","background-attachment":"scroll","background-type":"","background-media":"","overlay-type":"","overlay-color":"","overlay-opacity":"","overlay-gradient":""},"mobile":{"background-color":"var(--ast-global-color-5)","background-image":"","background-repeat":"repeat","background-position":"center center","background-size":"auto","background-attachment":"scroll","background-type":"","background-media":"","overlay-type":"","overlay-color":"","overlay-opacity":"","overlay-gradient":""}}},"product_brand":[],"product_cat":[28],"product_tag":[],"class_list":{"0":"post-1365","1":"product","2":"type-product","3":"status-publish","4":"has-post-thumbnail","6":"product_cat-plugin","7":"desktop-align-left","8":"tablet-align-left","9":"mobile-align-left","11":"first","12":"instock","13":"downloadable","14":"virtual","15":"purchasable","16":"product-type-simple"},"_links":{"self":[{"href":"https:\/\/insertwp.com\/fr\/wp-json\/wp\/v2\/product\/1365","targetHints":{"allow":["GET"]}}],"collection":[{"href":"https:\/\/insertwp.com\/fr\/wp-json\/wp\/v2\/product"}],"about":[{"href":"https:\/\/insertwp.com\/fr\/wp-json\/wp\/v2\/types\/product"}],"replies":[{"embeddable":true,"href":"https:\/\/insertwp.com\/fr\/wp-json\/wp\/v2\/comments?post=1365"}],"wp:featuredmedia":[{"embeddable":true,"href":"https:\/\/insertwp.com\/fr\/wp-json\/wp\/v2\/media\/1369"}],"wp:attachment":[{"href":"https:\/\/insertwp.com\/fr\/wp-json\/wp\/v2\/media?parent=1365"}],"wp:term":[{"taxonomy":"product_brand","embeddable":true,"href":"https:\/\/insertwp.com\/fr\/wp-json\/wp\/v2\/product_brand?post=1365"},{"taxonomy":"product_cat","embeddable":true,"href":"https:\/\/insertwp.com\/fr\/wp-json\/wp\/v2\/product_cat?post=1365"},{"taxonomy":"product_tag","embeddable":true,"href":"https:\/\/insertwp.com\/fr\/wp-json\/wp\/v2\/product_tag?post=1365"}],"curies":[{"name":"wp","href":"https:\/\/api.w.org\/{rel}","templated":true}]}}