{"id":1370,"date":"2023-06-17T13:58:08","date_gmt":"2023-06-17T13:58:08","guid":{"rendered":"https:\/\/insertwp.com\/?post_type=product&#038;p=1370"},"modified":"2025-09-04T12:57:17","modified_gmt":"2025-09-04T12:57:17","slug":"learndash-lms-wordpress-plugin","status":"publish","type":"product","link":"https:\/\/insertwp.com\/fr\/produit\/learndash-lms-wordpress-plugin\/","title":{"rendered":"LearnDash LMS WordPress Plugin"},"content":{"rendered":"<h5>Le plugin LearnDash est un puissant outil d'apprentissage en ligne qui offre plusieurs avantages aux administrateurs de cours et aux \u00e9tudiants. Voici quelques-uns des principaux avantages du plugin LearnDash\u00a0:<\/h5>\n<p>&nbsp;<\/p>\n<p>Flexibilit\u00e9 de cr\u00e9ation de cours : LearnDash vous permet de cr\u00e9er des cours en ligne hautement personnalis\u00e9s et interactifs. Vous pouvez concevoir une vari\u00e9t\u00e9 d'activit\u00e9s telles que des quiz, des exercices pratiques, des devoirs d'\u00e9criture, etc. De plus, vous pouvez organiser votre contenu en modules et le\u00e7ons pour cr\u00e9er une exp\u00e9rience d'apprentissage structur\u00e9e.<\/p>\n<p>Prise en charge de plusieurs formats multim\u00e9dias : avec LearnDash, vous pouvez facilement incorporer diff\u00e9rents formats multim\u00e9dias dans vos cours, notamment des vid\u00e9os, de l'audio, des images et des documents. Cela vous permet de diversifier le contenu et de rendre l'apprentissage plus attrayant pour les \u00e9tudiants.<\/p>\n<p>Int\u00e9gration avec les syst\u00e8mes de paiement et d'adh\u00e9sion : LearnDash prend en charge l'int\u00e9gration avec divers syst\u00e8mes de paiement et d'adh\u00e9sion, ce qui facilite la mon\u00e9tisation de vos cours. Vous pouvez d\u00e9finir les prix de vos cours, cr\u00e9er des abonnements r\u00e9currents, proposer des coupons de r\u00e9duction, etc.<\/p>\n<p>Personnalisation et image de marque\u00a0: avec LearnDash, vous pouvez personnaliser l'apparence de vos cours pour qu'ils correspondent \u00e0 l'identit\u00e9 de votre marque. Vous pouvez ajouter votre logo, changer les couleurs, personnaliser les certificats et m\u00eame utiliser votre propre domaine pour les cours.<\/p>\n<p>Ce ne sont l\u00e0 que quelques-uns des avantages du plugin LearnDash. Avec sa flexibilit\u00e9, ses fonctionnalit\u00e9s compl\u00e8tes et son interface conviviale, LearnDash est un choix populaire pour cr\u00e9er et g\u00e9rer des cours en ligne de haute qualit\u00e9.<\/p>","protected":false},"excerpt":{"rendered":"<p>The LearnDash plugin is a powerful e-learning tool that offers several advantages for course administrators and students. Here are some of the key advantages of the LearnDash plugin: &nbsp; Course creation flexibility: LearnDash allows you to create highly customized and interactive online courses. You can design a variety of activities such as quizzes, practical exercises, [&hellip;]<\/p>","protected":false},"featured_media":1372,"comment_status":"open","ping_status":"closed","template":"","meta":{"site-sidebar-layout":"default","site-content-layout":"default","ast-site-content-layout":"default","site-content-style":"default","site-sidebar-style":"default","ast-global-header-display":"","ast-banner-title-visibility":"","ast-main-header-display":"","ast-hfb-above-header-display":"","ast-hfb-below-header-display":"","ast-hfb-mobile-header-display":"","site-post-title":"","ast-breadcrumbs-content":"","ast-featured-img":"","footer-sml-layout":"","theme-transparent-header-meta":"default","adv-header-id-meta":"","stick-header-meta":"","header-above-stick-meta":"","header-main-stick-meta":"","header-below-stick-meta":"","astra-migrate-meta-layouts":"set","ast-page-background-enabled":"default","ast-page-background-meta":{"desktop":{"background-color":"","background-image":"","background-repeat":"repeat","background-position":"center center","background-size":"auto","background-attachment":"scroll","background-type":"","background-media":"","overlay-type":"","overlay-color":"","overlay-opacity":"","overlay-gradient":""},"tablet":{"background-color":"","background-image":"","background-repeat":"repeat","background-position":"center center","background-size":"auto","background-attachment":"scroll","background-type":"","background-media":"","overlay-type":"","overlay-color":"","overlay-opacity":"","overlay-gradient":""},"mobile":{"background-color":"","background-image":"","background-repeat":"repeat","background-position":"center center","background-size":"auto","background-attachment":"scroll","background-type":"","background-media":"","overlay-type":"","overlay-color":"","overlay-opacity":"","overlay-gradient":""}},"ast-content-background-meta":{"desktop":{"background-color":"var(--ast-global-color-5)","background-image":"","background-repeat":"repeat","background-position":"center center","background-size":"auto","background-attachment":"scroll","background-type":"","background-media":"","overlay-type":"","overlay-color":"","overlay-opacity":"","overlay-gradient":""},"tablet":{"background-color":"var(--ast-global-color-5)","background-image":"","background-repeat":"repeat","background-position":"center center","background-size":"auto","background-attachment":"scroll","background-type":"","background-media":"","overlay-type":"","overlay-color":"","overlay-opacity":"","overlay-gradient":""},"mobile":{"background-color":"var(--ast-global-color-5)","background-image":"","background-repeat":"repeat","background-position":"center center","background-size":"auto","background-attachment":"scroll","background-type":"","background-media":"","overlay-type":"","overlay-color":"","overlay-opacity":"","overlay-gradient":""}}},"product_brand":[],"product_cat":[28],"product_tag":[],"class_list":{"0":"post-1370","1":"product","2":"type-product","3":"status-publish","4":"has-post-thumbnail","6":"product_cat-plugin","7":"desktop-align-left","8":"tablet-align-left","9":"mobile-align-left","11":"first","12":"instock","13":"downloadable","14":"virtual","15":"purchasable","16":"product-type-simple"},"_links":{"self":[{"href":"https:\/\/insertwp.com\/fr\/wp-json\/wp\/v2\/product\/1370","targetHints":{"allow":["GET"]}}],"collection":[{"href":"https:\/\/insertwp.com\/fr\/wp-json\/wp\/v2\/product"}],"about":[{"href":"https:\/\/insertwp.com\/fr\/wp-json\/wp\/v2\/types\/product"}],"replies":[{"embeddable":true,"href":"https:\/\/insertwp.com\/fr\/wp-json\/wp\/v2\/comments?post=1370"}],"wp:featuredmedia":[{"embeddable":true,"href":"https:\/\/insertwp.com\/fr\/wp-json\/wp\/v2\/media\/1372"}],"wp:attachment":[{"href":"https:\/\/insertwp.com\/fr\/wp-json\/wp\/v2\/media?parent=1370"}],"wp:term":[{"taxonomy":"product_brand","embeddable":true,"href":"https:\/\/insertwp.com\/fr\/wp-json\/wp\/v2\/product_brand?post=1370"},{"taxonomy":"product_cat","embeddable":true,"href":"https:\/\/insertwp.com\/fr\/wp-json\/wp\/v2\/product_cat?post=1370"},{"taxonomy":"product_tag","embeddable":true,"href":"https:\/\/insertwp.com\/fr\/wp-json\/wp\/v2\/product_tag?post=1370"}],"curies":[{"name":"wp","href":"https:\/\/api.w.org\/{rel}","templated":true}]}}