{"id":1582,"date":"2024-04-13T21:30:46","date_gmt":"2024-04-13T21:30:46","guid":{"rendered":"https:\/\/insertwp.com\/?post_type=product&#038;p=1582"},"modified":"2025-10-21T13:24:48","modified_gmt":"2025-10-21T13:24:48","slug":"woocommerce-subscriptions-download-wordpress-plugin","status":"publish","type":"product","link":"https:\/\/insertwp.com\/fr\/produit\/woocommerce-subscriptions-download-wordpress-plugin\/","title":{"rendered":"woocommerce subscriptions download wordPress plugin"},"content":{"rendered":"<h3>Les abonnements WooCommerce g\u00e9n\u00e8rent des revenus r\u00e9siduels gr\u00e2ce aux paiements r\u00e9currents<\/h3>\n<p>&nbsp;<\/p>\n<p>Pouvez-vous garantir combien d\u2019argent votre magasin gagnera ce mois-ci\u00a0? Si vous proposiez des produits par abonnement, c\u2019est exactement ce que vous pourriez faire.<\/p>\n<p>Avec <em>WooCommerce Subscriptions<\/em>, vous pouvez cr\u00e9er et g\u00e9rer des produits avec des paiements r\u00e9currents \u2013 des paiements qui fourniront un revenu r\u00e9siduel que vous pourrez suivre et sur lequel vous pouvez compter.<\/p>\n<p>WooCommerce Subscriptions vous permettent de mettre en place une vari\u00e9t\u00e9 d'abonnements pour des produits et services physiques ou virtuels. Cr\u00e9ez des clubs de produits du mois, des abonnements hebdomadaires \u00e0 des services ou m\u00eame des forfaits de facturation annuelle pour les logiciels. Ajoutez des frais d'inscription, proposez des essais gratuits ou d\u00e9finissez des p\u00e9riodes d'expiration.<\/p>\n<p>Un mod\u00e8le bas\u00e9 sur un abonnement vous permettra de gagner plus de revenus r\u00e9siduels et il vous suffira d\u2019ex\u00e9cuter les commandes.<\/p>\n<p>Pourquoi utiliser <strong>WooCommerce Subscriptions<\/strong>Plusieurs calendriers de facturation disponibles pour r\u00e9pondre aux besoins de votre magasin Int\u00e9gration avec plus de 25 passerelles de paiement pour les paiements r\u00e9currents automatiques Prend en charge les paiements de renouvellement manuels via n'importe quelle passerelle de paiement WooCommerce, ainsi que les factures et re\u00e7us automatiques par e-mail. Prend en charge les nouvelles tentatives automatiques en cas d'\u00e9chec du paiement de l'abonnement, afin que vous ne puissiez jamais payer. manquer de revenus Donnez aux abonn\u00e9s la possibilit\u00e9 de g\u00e9rer leur propre forfait, y compris les mises \u00e0 niveau ou les r\u00e9trogradations, sans avoir besoin d'attendre votre aide. Les notifications de renouvellement int\u00e9gr\u00e9es et les e-mails automatis\u00e9s vous permettent, \u00e0 vous et \u00e0 vos clients, de savoir quand les paiements d'abonnement ont \u00e9t\u00e9 trait\u00e9s, afin qu'il n'y ait jamais de revenus. des surprises. Des rapports d\u00e9taill\u00e9s vous permettent de suivre les revenus r\u00e9currents, le nombre d'abonn\u00e9s actifs, etc. <strong>WooCommerce Subscriptions<\/strong> Features Free Trials and Sign-up Fees<\/p>\n<p>Facturez un montant initial pour couvrir les frais d'installation du client ou permettez aux clients d'essayer avant d'acheter en ajoutant des frais d'inscription et des essais gratuits \u00e0 tout produit d'abonnement.<\/p>\n<p>Gestion des abonnements<\/p>\n<p>Les propri\u00e9taires de magasins b\u00e9n\u00e9ficient d'une gestion compl\u00e8te des abonnements via l'\u00e9cran Administrateur WooCommerce &gt; Modifier l'abonnement. Vous pouvez suspendre ou annuler un abonnement, modifier l'expiration de l'essai, ajouter des articles, des frais d'exp\u00e9dition, des frais ou des taxes \u00e0 l'abonnement, ou modifier le total r\u00e9current pour les paiements futurs.<\/p>\n<p>Paiements synchronis\u00e9s<\/p>\n<p>Si vous souhaitez exp\u00e9dier uniquement certains jours du mois ou aligner tous les clients sur la m\u00eame p\u00e9riode d'abonnement annuel, vous pouvez le faire avec le <strong>WooCommerce Subscriptions<\/strong> fonction de synchronisation de renouvellement. Vous pouvez m\u00eame r\u00e9partir au prorata le premier paiement d\u2019un achat d\u2019abonnement synchronis\u00e9.<\/p>\n<p>Options de produits flexibles<\/p>\n<p>Lors de la cr\u00e9ation d'un produit par abonnement, vous pouvez rendre le produit t\u00e9l\u00e9chargeable, virtuel ou physique, facturer des paiements de renouvellement hebdomadaires, mensuels ou annuels, limiter le produit \u00e0 un par client et m\u00eame facturer les frais d'exp\u00e9dition uniquement sur la commande initiale.<\/p>\n<p>Coupons d'abonnement<\/p>\n<p>Offrez aux clients une r\u00e9duction sur leurs frais mensuels ou simplement sur les frais d'inscription. Les abonnements comprennent des coupons de r\u00e9duction r\u00e9currents et des coupons de frais d'inscription.<\/p>\n<p>Abonnements multiples<\/p>\n<p>Vos clients peuvent \u00e9galement acheter diff\u00e9rents produits d'abonnement dans la m\u00eame transaction, et les abonnements regrouperont les produits afin de r\u00e9duire les frais de passerelle de paiement et les d\u00e9penses logistiques pour leurs futurs renouvellements.<\/p>\n<p>E-mails des clients<\/p>\n<p><strong>WooCommerce Subscriptions<\/strong> informe automatiquement les clients lorsqu'un paiement de renouvellement d'abonnement est trait\u00e9, qu'un abonnement est annul\u00e9 ou lorsqu'un abonnement a expir\u00e9 avec des e-mails d'abonnement int\u00e9gr\u00e9s.<\/p>","protected":false},"excerpt":{"rendered":"<p>WooCommerce Subscriptions Earn Residual Income with Recurring Payments &nbsp; Can you guarantee how much money your store will make this month? If you offered subscription-based products, you could do just that. With WooCommerce Subscriptions, you can create and manage products with recurring payments \u2013 payments that will provide a residual income that you can track [&hellip;]<\/p>","protected":false},"featured_media":1584,"comment_status":"open","ping_status":"closed","template":"","meta":{"site-sidebar-layout":"default","site-content-layout":"","ast-site-content-layout":"default","site-content-style":"default","site-sidebar-style":"default","ast-global-header-display":"","ast-banner-title-visibility":"","ast-main-header-display":"","ast-hfb-above-header-display":"","ast-hfb-below-header-display":"","ast-hfb-mobile-header-display":"","site-post-title":"","ast-breadcrumbs-content":"","ast-featured-img":"","footer-sml-layout":"","theme-transparent-header-meta":"default","adv-header-id-meta":"","stick-header-meta":"","header-above-stick-meta":"","header-main-stick-meta":"","header-below-stick-meta":"","astra-migrate-meta-layouts":"set","ast-page-background-enabled":"default","ast-page-background-meta":{"desktop":{"background-color":"","background-image":"","background-repeat":"repeat","background-position":"center center","background-size":"auto","background-attachment":"scroll","background-type":"","background-media":"","overlay-type":"","overlay-color":"","overlay-opacity":"","overlay-gradient":""},"tablet":{"background-color":"","background-image":"","background-repeat":"repeat","background-position":"center center","background-size":"auto","background-attachment":"scroll","background-type":"","background-media":"","overlay-type":"","overlay-color":"","overlay-opacity":"","overlay-gradient":""},"mobile":{"background-color":"","background-image":"","background-repeat":"repeat","background-position":"center center","background-size":"auto","background-attachment":"scroll","background-type":"","background-media":"","overlay-type":"","overlay-color":"","overlay-opacity":"","overlay-gradient":""}},"ast-content-background-meta":{"desktop":{"background-color":"var(--ast-global-color-5)","background-image":"","background-repeat":"repeat","background-position":"center center","background-size":"auto","background-attachment":"scroll","background-type":"","background-media":"","overlay-type":"","overlay-color":"","overlay-opacity":"","overlay-gradient":""},"tablet":{"background-color":"var(--ast-global-color-5)","background-image":"","background-repeat":"repeat","background-position":"center center","background-size":"auto","background-attachment":"scroll","background-type":"","background-media":"","overlay-type":"","overlay-color":"","overlay-opacity":"","overlay-gradient":""},"mobile":{"background-color":"var(--ast-global-color-5)","background-image":"","background-repeat":"repeat","background-position":"center center","background-size":"auto","background-attachment":"scroll","background-type":"","background-media":"","overlay-type":"","overlay-color":"","overlay-opacity":"","overlay-gradient":""}}},"product_brand":[],"product_cat":[28],"product_tag":[],"class_list":{"0":"post-1582","1":"product","2":"type-product","3":"status-publish","4":"has-post-thumbnail","6":"product_cat-plugin","7":"desktop-align-left","8":"tablet-align-left","9":"mobile-align-left","11":"first","12":"instock","13":"downloadable","14":"virtual","15":"purchasable","16":"product-type-simple"},"_links":{"self":[{"href":"https:\/\/insertwp.com\/fr\/wp-json\/wp\/v2\/product\/1582","targetHints":{"allow":["GET"]}}],"collection":[{"href":"https:\/\/insertwp.com\/fr\/wp-json\/wp\/v2\/product"}],"about":[{"href":"https:\/\/insertwp.com\/fr\/wp-json\/wp\/v2\/types\/product"}],"replies":[{"embeddable":true,"href":"https:\/\/insertwp.com\/fr\/wp-json\/wp\/v2\/comments?post=1582"}],"wp:featuredmedia":[{"embeddable":true,"href":"https:\/\/insertwp.com\/fr\/wp-json\/wp\/v2\/media\/1584"}],"wp:attachment":[{"href":"https:\/\/insertwp.com\/fr\/wp-json\/wp\/v2\/media?parent=1582"}],"wp:term":[{"taxonomy":"product_brand","embeddable":true,"href":"https:\/\/insertwp.com\/fr\/wp-json\/wp\/v2\/product_brand?post=1582"},{"taxonomy":"product_cat","embeddable":true,"href":"https:\/\/insertwp.com\/fr\/wp-json\/wp\/v2\/product_cat?post=1582"},{"taxonomy":"product_tag","embeddable":true,"href":"https:\/\/insertwp.com\/fr\/wp-json\/wp\/v2\/product_tag?post=1582"}],"curies":[{"name":"wp","href":"https:\/\/api.w.org\/{rel}","templated":true}]}}