{"id":1623,"date":"2024-08-04T12:50:06","date_gmt":"2024-08-04T12:50:06","guid":{"rendered":"https:\/\/insertwp.com\/?post_type=product&#038;p=1623"},"modified":"2025-07-12T12:49:49","modified_gmt":"2025-07-12T12:49:49","slug":"woo-default-password-checkout","status":"publish","type":"product","link":"https:\/\/insertwp.com\/fr\/produit\/woo-default-password-checkout\/","title":{"rendered":"Woo Default Password Checkout"},"content":{"rendered":"<h4><strong>Woo Default Password Checkout<\/strong><\/h4>\n<p>est un plugin con\u00e7u pour simplifier l'exp\u00e9rience utilisateur lors de la r\u00e9alisation d'un achat sur WooCommerce. Il est con\u00e7u pour g\u00e9n\u00e9rer automatiquement un mot de passe par d\u00e9faut lorsque le client termine l'achat, permettant \u00e0 l'utilisateur de se connecter automatiquement sans avoir besoin de saisir un nouveau mot de passe.<\/p>\n<p>Cette fonctionnalit\u00e9 du plugin est extr\u00eamement utile car elle \u00e9limine le besoin pour le client de cr\u00e9er un nouveau mot de passe, ce qui peut \u00eatre un processus frustrant et d\u00e9courageant pour de nombreux utilisateurs. Avec Woo Default Password Checkout, le client peut finaliser l\u2019achat et acc\u00e9der \u00e0 son compte imm\u00e9diatement sans aucun obstacle.<\/p>\n<p>De plus, le plugin est hautement personnalisable. Bien qu'un mot de passe par d\u00e9faut soit automatiquement g\u00e9n\u00e9r\u00e9, le propri\u00e9taire du site peut remplacer ce mot de passe par n'importe quel autre mot de passe de son choix. Cela signifie que le propri\u00e9taire du site peut contr\u00f4ler la s\u00e9curit\u00e9 des comptes de ses clients, en garantissant que les mots de passe sont forts et s\u00e9curis\u00e9s.<\/p>\n<p>L'un des principaux avantages de Woo Default Password Checkout est qu'il fait gagner du temps \u00e0 la fois au client et au propri\u00e9taire du site. Sans qu'il soit n\u00e9cessaire de cr\u00e9er et de saisir un nouveau mot de passe, le processus de paiement est acc\u00e9l\u00e9r\u00e9 et simplifi\u00e9. Cela peut conduire \u00e0 un taux de conversion plus \u00e9lev\u00e9, car les clients sont moins susceptibles d'abandonner leur achat en raison de probl\u00e8mes de connexion ou de mot de passe.<\/p>\n<p>Outre les fonctionnalit\u00e9s d\u00e9j\u00e0 mentionn\u00e9es, Woo Default Password Checkout offre \u00e9galement une int\u00e9gration transparente avec d'autres plugins de s\u00e9curit\u00e9, permettant une couche de protection suppl\u00e9mentaire pour les comptes d'utilisateurs. Le plugin pr\u00e9sente une interface conviviale et est facile \u00e0 configurer, permettant m\u00eame aux propri\u00e9taires de sites ayant peu d'exp\u00e9rience technique de profiter de ses fonctionnalit\u00e9s.<\/p>\n<p>De plus, le plugin prend en charge plusieurs langues, ce qui en fait un choix id\u00e9al pour les magasins qui s'adressent \u00e0 un public mondial. Il est \u00e9galement compatible avec la plupart des th\u00e8mes WordPress, garantissant que sa mise en \u0153uvre ne provoque pas de conflits visuels ou fonctionnels. Enfin, Woo Default Password Checkout re\u00e7oit des mises \u00e0 jour r\u00e9guli\u00e8res, garantissant qu'il reste s\u00e9curis\u00e9 et efficace \u00e0 mesure que de nouvelles versions de WooCommerce et WordPress sont publi\u00e9es.<\/p>\n<p><strong>Avantages de l'utilisation d'un plugin qui cr\u00e9e un utilisateur avec un mot de passe par d\u00e9faut lors d'un achat sur WooCommerce<\/strong><\/p>\n<p>La mise en \u0153uvre d'un plugin qui g\u00e9n\u00e8re automatiquement un mot de passe par d\u00e9faut pour les nouveaux utilisateurs lors d'un achat sur WooCommerce apporte plusieurs avantages significatifs tant pour les clients que pour les propri\u00e9taires de magasins. Ci-dessous, nous soulignons les principaux avantages de cette fonctionnalit\u00e9 :<\/p>\n<h4>1. <strong>Facilit\u00e9 d'utilisation et conversion accrue<\/strong><\/h4>\n<p>L\u2019un des principaux avantages est la simplicit\u00e9 offerte \u00e0 l\u2019utilisateur. En n'obligeant pas le client \u00e0 cr\u00e9er manuellement un mot de passe, le processus de paiement devient plus rapide et moins compliqu\u00e9. Cela r\u00e9duit la frustration et les abandons lors du paiement, augmentant ainsi le taux de conversion et stimulant les ventes.<\/p>\n<h4>2. <strong>Exp\u00e9rience utilisateur am\u00e9lior\u00e9e<\/strong><\/h4>\n<p>L'exp\u00e9rience utilisateur est la cl\u00e9 de la fid\u00e9lisation des clients. Gr\u00e2ce \u00e0 la connexion automatique apr\u00e8s l'achat, les clients peuvent acc\u00e9der instantan\u00e9ment \u00e0 leurs comptes et aux d\u00e9tails de leur commande, sans interruption. Cette commodit\u00e9 cr\u00e9e une impression positive, encourageant les futurs achats et favorisant la fid\u00e9lit\u00e9.<\/p>\n<h4>3. <strong>Abandon de panier r\u00e9duit<\/strong><\/h4>\n<p>L'abandon de panier est un d\u00e9fi courant pour les boutiques en ligne. En simplifiant le processus de cr\u00e9ation de compte et de connexion, les clients rencontrent moins d'obstacles pour finaliser leurs achats, ce qui entra\u00eene une r\u00e9duction significative des abandons de panier.<\/p>\n<h4>4. <strong>S\u00e9curit\u00e9 et contr\u00f4le<\/strong><\/h4>\n<p>Bien que le plugin g\u00e9n\u00e8re automatiquement un mot de passe par d\u00e9faut, les propri\u00e9taires de magasins ont la possibilit\u00e9 de personnaliser ce mot de passe, garantissant ainsi qu'il est fort et s\u00e9curis\u00e9. Cela fournit un contr\u00f4le suppl\u00e9mentaire sur la s\u00e9curit\u00e9 des comptes clients, en les prot\u00e9geant contre les acc\u00e8s non autoris\u00e9s.<\/p>\n<h4>5. <strong>Int\u00e9gration avec les plugins de s\u00e9curit\u00e9<\/strong><\/h4>\n<p>La compatibilit\u00e9 avec d'autres plugins de s\u00e9curit\u00e9 ajoute une couche de protection suppl\u00e9mentaire aux comptes d'utilisateurs. Cela garantit que, m\u00eame avec la facilit\u00e9 de cr\u00e9ation de mots de passe, la s\u00e9curit\u00e9 des donn\u00e9es du site et des clients n\u2019est pas compromise.<\/p>\n<h4>6. <strong>Gain de temps<\/strong><\/h4>\n<p>Pour les clients, le gain de temps est crucial. Sans avoir besoin de penser \u00e0 un mot de passe et de le saisir, le processus de paiement est rationalis\u00e9. Pour les propri\u00e9taires de magasins, cela signifie moins d\u2019assistance n\u00e9cessaire pour les probl\u00e8mes li\u00e9s aux comptes et aux mots de passe, ce qui leur permet de se concentrer sur d\u2019autres domaines d\u2019activit\u00e9.<\/p>\n<h4>7. <strong>Prise en charge multilingue<\/strong><\/h4>\n<p>La capacit\u00e9 du plugin \u00e0 prendre en charge plusieurs langues est id\u00e9ale pour les magasins s\u2019adressant \u00e0 un public mondial. Cela garantit que les clients de diff\u00e9rentes r\u00e9gions peuvent b\u00e9n\u00e9ficier de la m\u00eame facilit\u00e9 et commodit\u00e9, quelle que soit la langue.<\/p>\n<h4>8. <strong>Compatibilit\u00e9 avec les th\u00e8mes WordPress<\/strong><\/h4>\n<p>Le plugin est d\u00e9velopp\u00e9 pour \u00eatre compatible avec la plupart des th\u00e8mes WordPress. Cela signifie que sa mise en \u0153uvre ne causera pas de probl\u00e8mes visuels ou fonctionnels, pr\u00e9servant ainsi l\u2019esth\u00e9tique et la convivialit\u00e9 de la boutique en ligne.<\/p>\n<h4>9. <strong>Mises \u00e0 jour r\u00e9guli\u00e8res<\/strong><\/h4>\n<p>Garder le plugin \u00e0 jour est crucial pour garantir son efficacit\u00e9 et sa s\u00e9curit\u00e9. Woo Default Password Checkout re\u00e7oit des mises \u00e0 jour r\u00e9guli\u00e8res, garantissant qu'il reste compatible avec les nouvelles versions de WooCommerce et WordPress tout en int\u00e9grant des am\u00e9liorations continues.<\/p>\n<h4>10. <strong>Fid\u00e9lisation client am\u00e9lior\u00e9e<\/strong><\/h4>\n<p>Offrir un processus de paiement fluide et une exp\u00e9rience de connexion simplifi\u00e9e contribue de mani\u00e8re significative \u00e0 la satisfaction du client. Les clients satisfaits sont plus susceptibles de revenir, de recommander le magasin \u00e0 d'autres et de cr\u00e9er un cycle de fid\u00e9lisation et de croissance de l'entreprise.<\/p>\n<h4>Conclusion<\/h4>\n<p>Utiliser un plugin qui cr\u00e9e automatiquement un utilisateur avec un mot de passe par d\u00e9faut lors d'un achat sur WooCommerce est une strat\u00e9gie intelligente pour am\u00e9liorer l'exp\u00e9rience client, augmenter la conversion et garantir la s\u00e9curit\u00e9 du compte. La combinaison de facilit\u00e9 d'utilisation, de s\u00e9curit\u00e9, de gain de temps et de compatibilit\u00e9 avec d'autres syst\u00e8mes fait de ce plugin un outil indispensable pour toute boutique en ligne cherchant \u00e0 se d\u00e9velopper et \u00e0 prosp\u00e9rer sur le march\u00e9 concurrentiel du commerce \u00e9lectronique.<\/p>\n<p>Comment cr\u00e9er un utilisateur dans WordPress lors de l'achat d'un produit dans WooCommerce avec un mot de passe par d\u00e9faut, plugin de mot de passe par d\u00e9faut WooCommerce, cr\u00e9er automatiquement un utilisateur dans WooCommerce, mot de passe par d\u00e9faut dans WooCommerce, g\u00e9n\u00e9rer automatiquement un mot de passe par d\u00e9faut lors de l'achat d'un produit dans WooCommerce sur WordPres<\/p>","protected":false},"excerpt":{"rendered":"<p>Woo Default Password Checkout is a plugin designed to simplify the user experience when completing a purchase on WooCommerce. It is designed to automatically generate a default password when the customer completes the purchase, allowing the user to log in automatically without the need to enter a new password. This plugin functionality is extremely useful [&hellip;]<\/p>","protected":false},"featured_media":1628,"comment_status":"open","ping_status":"closed","template":"","meta":{"site-sidebar-layout":"default","site-content-layout":"","ast-site-content-layout":"default","site-content-style":"default","site-sidebar-style":"default","ast-global-header-display":"","ast-banner-title-visibility":"","ast-main-header-display":"","ast-hfb-above-header-display":"","ast-hfb-below-header-display":"","ast-hfb-mobile-header-display":"","site-post-title":"","ast-breadcrumbs-content":"","ast-featured-img":"","footer-sml-layout":"","theme-transparent-header-meta":"default","adv-header-id-meta":"","stick-header-meta":"","header-above-stick-meta":"","header-main-stick-meta":"","header-below-stick-meta":"","astra-migrate-meta-layouts":"set","ast-page-background-enabled":"default","ast-page-background-meta":{"desktop":{"background-color":"","background-image":"","background-repeat":"repeat","background-position":"center center","background-size":"auto","background-attachment":"scroll","background-type":"","background-media":"","overlay-type":"","overlay-color":"","overlay-opacity":"","overlay-gradient":""},"tablet":{"background-color":"","background-image":"","background-repeat":"repeat","background-position":"center center","background-size":"auto","background-attachment":"scroll","background-type":"","background-media":"","overlay-type":"","overlay-color":"","overlay-opacity":"","overlay-gradient":""},"mobile":{"background-color":"","background-image":"","background-repeat":"repeat","background-position":"center center","background-size":"auto","background-attachment":"scroll","background-type":"","background-media":"","overlay-type":"","overlay-color":"","overlay-opacity":"","overlay-gradient":""}},"ast-content-background-meta":{"desktop":{"background-color":"var(--ast-global-color-5)","background-image":"","background-repeat":"repeat","background-position":"center center","background-size":"auto","background-attachment":"scroll","background-type":"","background-media":"","overlay-type":"","overlay-color":"","overlay-opacity":"","overlay-gradient":""},"tablet":{"background-color":"var(--ast-global-color-5)","background-image":"","background-repeat":"repeat","background-position":"center center","background-size":"auto","background-attachment":"scroll","background-type":"","background-media":"","overlay-type":"","overlay-color":"","overlay-opacity":"","overlay-gradient":""},"mobile":{"background-color":"var(--ast-global-color-5)","background-image":"","background-repeat":"repeat","background-position":"center center","background-size":"auto","background-attachment":"scroll","background-type":"","background-media":"","overlay-type":"","overlay-color":"","overlay-opacity":"","overlay-gradient":""}}},"product_brand":[],"product_cat":[28],"product_tag":[],"class_list":{"0":"post-1623","1":"product","2":"type-product","3":"status-publish","4":"has-post-thumbnail","6":"product_cat-plugin","7":"desktop-align-left","8":"tablet-align-left","9":"mobile-align-left","11":"first","12":"instock","13":"downloadable","14":"virtual","15":"purchasable","16":"product-type-simple"},"_links":{"self":[{"href":"https:\/\/insertwp.com\/fr\/wp-json\/wp\/v2\/product\/1623","targetHints":{"allow":["GET"]}}],"collection":[{"href":"https:\/\/insertwp.com\/fr\/wp-json\/wp\/v2\/product"}],"about":[{"href":"https:\/\/insertwp.com\/fr\/wp-json\/wp\/v2\/types\/product"}],"replies":[{"embeddable":true,"href":"https:\/\/insertwp.com\/fr\/wp-json\/wp\/v2\/comments?post=1623"}],"wp:featuredmedia":[{"embeddable":true,"href":"https:\/\/insertwp.com\/fr\/wp-json\/wp\/v2\/media\/1628"}],"wp:attachment":[{"href":"https:\/\/insertwp.com\/fr\/wp-json\/wp\/v2\/media?parent=1623"}],"wp:term":[{"taxonomy":"product_brand","embeddable":true,"href":"https:\/\/insertwp.com\/fr\/wp-json\/wp\/v2\/product_brand?post=1623"},{"taxonomy":"product_cat","embeddable":true,"href":"https:\/\/insertwp.com\/fr\/wp-json\/wp\/v2\/product_cat?post=1623"},{"taxonomy":"product_tag","embeddable":true,"href":"https:\/\/insertwp.com\/fr\/wp-json\/wp\/v2\/product_tag?post=1623"}],"curies":[{"name":"wp","href":"https:\/\/api.w.org\/{rel}","templated":true}]}}